{"id":4178,"date":"2023-02-10T10:28:07","date_gmt":"2023-02-10T09:28:07","guid":{"rendered":"https:\/\/ideamatic.net\/politica-de-privacitat\/"},"modified":"2025-12-04T13:06:12","modified_gmt":"2025-12-04T12:06:12","slug":"privacy-policy","status":"publish","type":"page","link":"https:\/\/ideamatic.net\/en\/privacy-policy\/","title":{"rendered":"Privacy policy"},"content":{"rendered":"<style>.kb-row-layout-wrap.wp-block-kadence-rowlayout.kb-row-layout-id4178_31bdbf-bb{margin-bottom:100px;}.kb-row-layout-id4178_31bdbf-bb > .kt-row-column-wrap{align-content:start;}:where(.kb-row-layout-id4178_31bdbf-bb > .kt-row-column-wrap) > .wp-block-kadence-column{justify-content:start;}.kb-row-layout-id4178_31bdbf-bb > .kt-row-column-wrap{column-gap:var(--global-kb-gap-md, 2rem);row-gap:var(--global-kb-gap-md, 2rem);padding-top:0px;padding-bottom:0px;}.kb-row-layout-id4178_31bdbf-bb > .kt-row-column-wrap > div:not(.added-for-specificity){grid-column:initial;}.kb-row-layout-id4178_31bdbf-bb > .kt-row-column-wrap{grid-template-columns:minmax(0, 1fr) minmax(0, 3fr) minmax(0, 1fr);}.kb-row-layout-id4178_31bdbf-bb > .kt-row-layout-overlay{opacity:0.30;}@media all and (max-width: 1024px){.kb-row-layout-id4178_31bdbf-bb > .kt-row-column-wrap > div:not(.added-for-specificity){grid-column:initial;}}@media all and (max-width: 1024px){.kb-row-layout-id4178_31bdbf-bb > .kt-row-column-wrap{grid-template-columns:minmax(0, 1fr) minmax(0, 3fr) minmax(0, 1fr);}}@media all and (max-width: 767px){.kb-row-layout-id4178_31bdbf-bb > .kt-row-column-wrap > div:not(.added-for-specificity){grid-column:initial;}.kb-row-layout-id4178_31bdbf-bb > .kt-row-column-wrap{grid-template-columns:minmax(0, 1fr);}}<\/style><div class=\"kb-row-layout-wrap kb-row-layout-id4178_31bdbf-bb alignnone wp-block-kadence-rowlayout\"><div class=\"kt-row-column-wrap kt-has-3-columns kt-row-layout-center-wide kt-tab-layout-inherit kt-mobile-layout-row kt-row-valign-top\">\n<style>.kadence-column4178_21d38c-25 > .kt-inside-inner-col,.kadence-column4178_21d38c-25 > .kt-inside-inner-col:before{border-top-left-radius:0px;border-top-right-radius:0px;border-bottom-right-radius:0px;border-bottom-left-radius:0px;}.kadence-column4178_21d38c-25 > .kt-inside-inner-col{column-gap:var(--global-kb-gap-sm, 1rem);}.kadence-column4178_21d38c-25 > .kt-inside-inner-col{flex-direction:column;}.kadence-column4178_21d38c-25 > .kt-inside-inner-col > .aligncenter{width:100%;}.kadence-column4178_21d38c-25 > .kt-inside-inner-col:before{opacity:0.3;}.kadence-column4178_21d38c-25{position:relative;}@media all and (max-width: 1024px){.kadence-column4178_21d38c-25 > .kt-inside-inner-col{flex-direction:column;justify-content:center;}}@media all and (max-width: 767px){.kadence-column4178_21d38c-25 > .kt-inside-inner-col{flex-direction:column;justify-content:center;}}<\/style>\n<div class=\"wp-block-kadence-column kadence-column4178_21d38c-25\"><div class=\"kt-inside-inner-col\"><\/div><\/div>\n\n\n<style>.kadence-column4178_049fca-af > .kt-inside-inner-col,.kadence-column4178_049fca-af > .kt-inside-inner-col:before{border-top-left-radius:0px;border-top-right-radius:0px;border-bottom-right-radius:0px;border-bottom-left-radius:0px;}.kadence-column4178_049fca-af > .kt-inside-inner-col{column-gap:var(--global-kb-gap-sm, 1rem);}.kadence-column4178_049fca-af > .kt-inside-inner-col{flex-direction:column;}.kadence-column4178_049fca-af > .kt-inside-inner-col > .aligncenter{width:100%;}.kadence-column4178_049fca-af > .kt-inside-inner-col:before{opacity:0.3;}.kadence-column4178_049fca-af{position:relative;}@media all and (max-width: 1024px){.kadence-column4178_049fca-af > .kt-inside-inner-col{flex-direction:column;justify-content:center;}}@media all and (max-width: 767px){.kadence-column4178_049fca-af > .kt-inside-inner-col{flex-direction:column;justify-content:center;}}<\/style>\n<div class=\"wp-block-kadence-column kadence-column4178_049fca-af\"><div class=\"kt-inside-inner-col\">\n<h1 class=\"wp-block-heading title_section\">Av\u00eds legal<\/h1>\n\n\n\n<h2 class=\"wp-block-heading h3\">Informaci\u00f3 corporativa<\/h2>\n\n\n\n<p class=\"p_link_01\">En compliment de la Llei 34\/2002, d\u201911 de juliol, de serveis de la societat de la informaci\u00f3 i de comer\u00e7 electr\u00f2nic,&nbsp;<strong>IDEAMATIC DIGITAL EXPERIENCES SL<\/strong>, l\u2019informa que \u00e9s titular dels llocs web:&nbsp;<strong>https:\/\/ideamatic.net<\/strong>. D\u2019acord amb l\u2019exig\u00e8ncia de l\u2019article 10 de l\u2019esmentada Llei,&nbsp;<strong>IDEAMATIC DIGITAL EXPERIENCES SL<\/strong>, notifica les dades seg\u00fcents: el titular d\u2019aquesta p\u00e0gina web \u00e9s&nbsp;<strong>IDEAMATIC DIGITAL EXPERIENCES SL<\/strong>, amb CIF\/NIF:&nbsp;<strong>B66279498<\/strong>&nbsp;i Registre Mercantil de&nbsp;<strong>BARCELONA<\/strong>, Tom:&nbsp;<strong>44302<\/strong>. Full:&nbsp;<strong>37, S8<\/strong>, Full:&nbsp;<strong>B-452162<\/strong>&nbsp;i Domicili Social:&nbsp;<strong>AV. RIO DE JANEIRO 106<\/strong>, Codi Postal:&nbsp;<strong>08016<\/strong>. Localitat:&nbsp;<strong>BARCELONA<\/strong>, Prov\u00edncia:&nbsp;<strong>BARCELONA<\/strong>. L\u2019adre\u00e7a de correu electr\u00f2nic de contacte amb l\u2019empresa \u00e9s:&nbsp;<strong>&#x68;&#x69;&#64;&#105;d&#x65;&#x61;&#x6d;&#97;ti&#x63;&#x2e;&#110;&#101;t<\/strong><\/p>\n\n\n\n<h2 class=\"wp-block-heading h3\">Usuari i regim de responsabilitats<\/h2>\n\n\n\n<p>La navegaci\u00f3 per acc\u00e9s i \u00fas de la p\u00e0gina web i tots els subdominis i directoris inclosos sota la mateixa, aix\u00ed com els serveis o continguts que a trav\u00e9s d\u2019ell es puguin obtenir i tots els portals de domini propi sota titularitat de&nbsp;<strong>IDEAMATIC DIGITAL EXPERIENCES SL<\/strong>, atorga la condici\u00f3 d\u2019Usuari, per la que s\u2019accepten, en navegar per la p\u00e0gina de&nbsp;<strong>IDEAMATIC DIGITAL EXPERIENCES SL<\/strong>, totes les condicions d\u2019\u00fas que s\u2019estableixen aqu\u00ed sense perjudicar l\u2019aplicaci\u00f3 de la corresponent normativa d\u2019obligat compliment legal segons el cas.<\/p>\n\n\n\n<p>Per aix\u00f2, si les consideracions detallades en aquest Av\u00eds Legal no s\u00f3n de la seva conformitat, preguem no faci \u00fas del Portal, ja que qualsevol \u00fas que faci del mateix o dels serveis i continguts en ell inclosos implicar\u00e0 l\u2019acceptaci\u00f3 dels termes legals recollits en aquest text.<\/p>\n\n\n\n<p>La p\u00e0gina web de&nbsp;<strong>IDEAMATIC DIGITAL EXPERIENCES SL<\/strong>, proporcionen gran diversitat d\u2019informaci\u00f3, serveis i dades. L\u2019<strong>Usuari<\/strong>&nbsp;assumeix la seva responsabilitat en l\u2019\u00fas correcte dels llocs web. Aquesta responsabilitat s\u2019estendr\u00e0 a: La veracitat i licitud de les informacions aportades per l\u2019<strong>Usuari<\/strong>&nbsp;als formularis emesos per&nbsp;<strong>IDEAMATIC DIGITAL EXPERIENCES SL<\/strong>, per accedir a determinats continguts o serveis oferts pel web.<\/p>\n\n\n\n<p>L\u2019\u00fas de la informaci\u00f3, serveis i dades oferts per&nbsp;<strong>IDEAMATIC DIGITAL EXPERIENCES SL<\/strong>, no aniran contra les disposicions d\u2019aquestes condicions, la Llei, la moral, els bons costums o l\u2019ordre p\u00fablic o que, en qualsevol altre cas, puguin suposar lesi\u00f3 dels drets de tercers o del funcionament dels llocs web.<\/p>\n\n\n\n<p>A aquest efecte, l\u2019<strong>Usuari<\/strong>&nbsp;s\u2019abstindr\u00e0 d\u2019utilitzar qualsevol dels continguts amb fins o efectes il\u00b7l\u00edcits, prohibits en aquest text, lesius dels drets i interessos de tercers, o que de qualsevol forma puguin danyar, inutilitzar, sobrecarregar, deteriorar o impedir la normal utilitzaci\u00f3 dels continguts, altres&nbsp;<strong>Usuaris<\/strong>&nbsp;o de qualsevol&nbsp;<strong>Usuari<\/strong>&nbsp;d\u2019Internet (hardware y software).<\/p>\n\n\n\n<p>Els&nbsp;<strong>Usuaris<\/strong>&nbsp;respondran dels danys i perjudicis de tota naturalesa que l\u2019empresa propiet\u00e0ria del web pugui patir, directament o indirectament, com a conseq\u00fc\u00e8ncia d\u2019incompliment de qualsevol de les obligacions derivades de l\u2019\u00fas del Web i d\u2019aquesta pol\u00edtica de privacitat. En particular, i a t\u00edtol merament indicatiu i no exhaustiu, l\u2019<strong>Usuari<\/strong>&nbsp;es compromet a no transmetre, difondre o posar a disposici\u00f3 de tercers informacions, dades, continguts, missatges, gr\u00e0fics, dibuixos, arxius de so i \/ o imatge, fotografies del web.<\/p>\n\n\n\n<h1 class=\"wp-block-heading\">Pol\u00edtica de privacitat<\/h1>\n\n\n\n<h2 class=\"wp-block-heading h3\">Pol\u00edtica d\u2019enlla\u00e7os i excempcions de responsabilitat<\/h2>\n\n\n\n<p><strong>IDEAMATIC DIGITAL EXPERIENCES SL<\/strong>, no es fa responsable del contingut de les p\u00e0gines web a les quals pugui accedir l\u2019Usuari a trav\u00e9s dels enlla\u00e7os establerts als seus llocs web i declara que en cap cas examinar\u00e0 ni exercitar\u00e0 cap tipus de control sobre el contingut d\u2019altres p\u00e0gines de la xarxa.<\/p>\n\n\n\n<p>Aix\u00ed mateix, tampoc garanteix la disponibilitat t\u00e8cnica, exactitud, veracitat, validesa o legalitat de p\u00e0gines alienes a la seva propietat a les qual es pugui accedir a trav\u00e9s dels enlla\u00e7os.<\/p>\n\n\n\n<p><strong>IDEAMATIC DIGITAL EXPERIENCES SL<\/strong>, declara que ha adoptat totes les mesures necess\u00e0ries per evitar qualsevol dany que pugui derivar-se de la navegaci\u00f3 per les seves p\u00e0gines web. En conseq\u00fc\u00e8ncia,&nbsp;<strong>IDEAMATIC DIGITAL EXPERIENCES SL<\/strong>, no es fa responsable, en cap cas, dels eventuals danys que pugui sofrir l\u2019<strong>Usuari<\/strong>&nbsp;a causa de la navegaci\u00f3 per Internet.<\/p>\n\n\n\n<p><strong>IDEAMATIC DIGITAL EXPERIENCES SL<\/strong>, no es responsabilitza dels danys o perjudicis de qualsevol tipus produ\u00efts en l\u2019<strong>Usuari<\/strong>&nbsp;que portin causa d\u2019errors o desconnexions a les xarxes de telecomunicacions que produeixin la suspensi\u00f3, cancel\u00b7laci\u00f3 o interrupci\u00f3 del servei del web durant la prestaci\u00f3 del mateix o amb car\u00e0cter previ.<\/p>\n\n\n\n<p>L\u2019acc\u00e9s al web:&nbsp;<strong>https:\/\/ideamatic.net<\/strong>&nbsp;no implica l\u2019obligaci\u00f3 per part de l\u2019empresa de controlar l\u2019abs\u00e8ncia de virus o qualsevol altre element inform\u00e0tic dany\u00f3s. Correspon a l\u2019<strong>Usuari<\/strong>, en tot cas, la disponibilitat d\u2019eines adequades per a la detecci\u00f3 i desinfecci\u00f3 de programes inform\u00e0tics nocius.<\/p>\n\n\n\n<p><strong>IDEAMATIC DIGITAL EXPERIENCES SL<\/strong>, no es responsabilitza dels danys produ\u00efts en els equips inform\u00e0tics, documents i\/o fitxers dels&nbsp;<strong>Usuaris<\/strong>&nbsp;o de tercers durant la prestaci\u00f3 del servei al Portal.<\/p>\n\n\n\n<h2 class=\"wp-block-heading h3\">Publicitat<\/h2>\n\n\n\n<p>El Web:&nbsp;<strong>https:\/\/ideamatic.net<\/strong>&nbsp;podr\u00e0 allotjar continguts publicitaris o patrocinats. Els anunciants o patrocinadors s\u00f3n els \u00fanics responsables d\u2019assegurar que el material rem\u00e8s per a la seva inclusi\u00f3 al Web compleix amb les lleis que en cada cas puguin ser d\u2019aplicaci\u00f3.<\/p>\n\n\n\n<p><strong>IDEAMATIC DIGITAL EXPERIENCES SL<\/strong>, no ser\u00e0 responsable de qualsevol error, inexactitud o irregularitat que puguin contenir els continguts publicitaris o dels patrocinadors.<\/p>\n\n\n\n<h2 class=\"wp-block-heading h3\">Modificacions<\/h2>\n\n\n\n<p><strong>IDEAMATIC DIGITAL EXPERIENCES SL<\/strong>, es reserva el dret a realitzar les modificacions que consideri oportunes, sense av\u00eds previ, al contingut dels seus llocs web, tant pel que fa als continguts dels llocs web com per les seves condicions d\u2019\u00fas o per les condicions generals de contractaci\u00f3. Aquestes modificacions podran realitzar-se, a trav\u00e9s dels seus llocs web, de qualsevol forma admissible en dret i seran d\u2019obligat compliment durant el temps que estiguin publicades al web i fins que no siguin modificades per d\u2019altres de posteriors.<\/p>\n\n\n\n<h2 class=\"wp-block-heading h3\">Reserva de cookies<\/h2>\n\n\n\n<p><strong>IDEAMATIC DIGITAL EXPERIENCES SL<\/strong>, es reserva el dret d\u2019utilitzar cookies en la navegaci\u00f3 de l\u2019<strong>Usuari<\/strong>&nbsp;pels seus llocs web per facilitar la personalitzaci\u00f3 i comoditat de la navegaci\u00f3. Seguint la pol\u00edtica de protecci\u00f3 de dades de l\u2019empresa,&nbsp;<strong>IDEAMATIC DIGITAL EXPERIENCES SL<\/strong>, informa que les cookies s\u2019associen a l\u2019<strong>Usuari<\/strong>&nbsp;an\u00f2nim i al seu ordinador i no proporcionen per si mateixes ni el nom ni els cognoms de l\u2019<strong>Usuari<\/strong>.<\/p>\n\n\n\n<p>En aquest sentit, d\u2019acord amb la sent\u00e8ncia de la Gran Sala de Just\u00edcia de la Uni\u00f3 Europea d\u20191 d\u2019octubre de 2019, la nostra pol\u00edtica de cookies\u2019 informa l\u2019usuari del temps que aquestes cookies romandran actives al terminal de l\u2019usuari i de la possibilitat de qu\u00e8 tercers tinguin acc\u00e9s a la informaci\u00f3 que aquestes emmagatzemen. Aquesta sent\u00e8ncia modifica l\u2019article 5, apartat 3, de la Directiva 2002\/58 per la Directiva 2009\/136.<\/p>\n\n\n\n<p>Arrel d\u2019aquesta sent\u00e8ncia l\u2019usuari t\u00e9 la possibilitat d\u2019acceptar o rebutjar expl\u00edcitament l\u2019\u00fas de les cookies. Addicionalment, l\u2019Usuari t\u00e9 la possibilitat de configurar el seu navegador de manera que sigui informat de la recepci\u00f3 de cookies, amb la possibilitat, si aix\u00ed ho desitja, d\u2019impedir que s\u2019instal\u00b7lin al seu disc dur. No obstant aix\u00f2, per accedir als llocs web de&nbsp;<strong>IDEAMATIC DIGITAL EXPERIENCES SL<\/strong>, no \u00e9s preceptiva la instal\u00b7laci\u00f3 de cookies.<\/p>\n\n\n\n<p>L\u2019<strong>Usuari<\/strong>&nbsp;es compromet a abstenir-se de reproduir, copiar, distribuir, posar a disposici\u00f3 o de qualsevol altra forma de comunicar p\u00fablicament, transformar o modificar els Continguts, llevat que es compti amb l\u2019autoritzaci\u00f3 del titular dels corresponents drets o aix\u00f2 resulti legalment perm\u00e8s.<\/p>\n\n\n\n<h2 class=\"wp-block-heading h3\">Protecci\u00f3 de dades personal<\/h2>\n\n\n\n<p>De conformitat amb el que estableix el Reglament General -UE- 2016\/679 del Parlament i Consell d\u2019Europa de Protecci\u00f3 de Dades de Car\u00e0cter Personal, aprovat el 27 d\u2019abril de 2016, i l\u2019LOPD 3\/2018, de garantia dels drets digitals,&nbsp;<strong>IDEAMATIC DIGITAL EXPERIENCES SL<\/strong>, informa als&nbsp;<strong>Usuaris<\/strong>&nbsp;dels seus llocs web que estem obligats a guardar secret professional de les dades personals captades per l\u2019empresa mitjan\u00e7ant els formularis situats a les seves p\u00e0gines. Aquesta obligaci\u00f3 continuar\u00e0 fins i tot despr\u00e9s d\u2019haver finalitzat la nostra relaci\u00f3 comercial o contractual, i en cap cas podrem fer p\u00fabliques les dades personals dels visitants i clients al web sense el seu consentiment. Els menors de 14 anys no poden prestar el seu consentiment per a qu\u00e8 un comer\u00e7 reculli i tracti les seves dades personals. Nom\u00e9s els seus representants legals (pares o tutors) s\u00f3n els qui poden fer-ho en el seu nom. Aquells comer\u00e7os que necessitin tractar dades de menors de 14 anys, han de disposar dels mitjans per obtenir el consentiment dels seus pares o tutors, per exemple, mitjan\u00e7ant un missatge de correu electr\u00f2nic dirigit a algun d\u2019ells que contingui un enlla\u00e7 a un formulari electr\u00f2nic. No es pot demanar als menors de 14 anys dades sobre l\u2019\u00e0mbit familiar, sent l\u2019\u00fanica excepci\u00f3 les dades d\u2019identificaci\u00f3 i contacte dels pares o tutors. Aquestes dades seran introdu\u00efdes en un fitxer automatitzat sota la responsabilitat de l\u2019administrador del web de&nbsp;<strong>IDEAMATIC DIGITAL EXPERIENCES SL<\/strong>, amb la finalitat de poder facilitar, agilitzar i complir els compromisos establerts entre ambdues parts. Aix\u00ed mateix,&nbsp;<strong>IDEAMATIC DIGITAL EXPERIENCES SL<\/strong>, informa de la possibilitat d\u2019exercir els drets&nbsp;<strong>d\u2019acc\u00e9s<\/strong>, que permet a l\u2019usuari web con\u00e8ixer quines dades personals t\u00e9 l\u2019administrador d\u2019aquesta p\u00e0gina i obtenir una resposta en un termini de 30 dies, sempre que conservi les dades;&nbsp;<strong>rectificaci\u00f3<\/strong>, que permet corregir errors, modificar les dades que siguin inexactes o incompletes i garantir la certesa de la informaci\u00f3;&nbsp;<strong>oposici\u00f3<\/strong>, que podr\u00e0 sol\u00b7licitar i aconseguir que no es dugui a terme el tractament de dades;&nbsp;<strong>supressi\u00f3<\/strong>, que permet que se suprimeixin les dades inadequades o excessives;&nbsp;<strong>limitaci\u00f3<\/strong>, pel qual pot sol\u00b7licitar que es limiti el tractament de les seves dades quan hagi exercit el seu dret a la rectificaci\u00f3 de les seves dades personals; i&nbsp;<strong>portabilitat<\/strong>, perqu\u00e8 l\u2019usuari pugui obtenir una c\u00f2pia de les dades personals que hagi facilitat al web a fi de poder transmetre-les a altres serveis. Aquests drets es podran exercir per qualsevol mitj\u00e0 que deixi const\u00e0ncia del seu enviament i de la seva recepci\u00f3 a l\u2019adre\u00e7a:<\/p>\n\n\n\n<p><strong>Av. Rio de Janeiro 106<\/strong>. Codi Postal:&nbsp;<strong>08016<\/strong>. Localitat:&nbsp;<strong>BARCELONA<\/strong>. Prov\u00edncia:&nbsp;<strong>BARCELONA<\/strong>, o al correu electr\u00f2nic h&#105;&#x40;&#x69;d&#101;&#97;&#x6d;&#x61;t&#105;&#99;&#x2e;&#x6e;e&#116;, aportant fotoc\u00f2pia del DNI o documentaci\u00f3 alternativa que acrediti la seva identitat.<\/p>\n\n\n\n<p>Mentre no ens comuniqui el contrari, entendrem que les seves dades no han estat modificades, que vost\u00e8 es compromet a notificar-nos qualsevol variaci\u00f3 i que tenim el consentiment per utilitzar-les amb la finalitat de poder fidelitzar la relaci\u00f3 entre les parts.<\/p>\n\n\n\n<p>L\u2019enviament de les seves dades mitjan\u00e7ant el\/els formulari\/s de la nostra web, estar\u00e0 supeditat obligat\u00f2riament al fet que hagi llegit\/acceptat la Pol\u00edtica de Privacitat, mitjan\u00e7ant un check box obligatori a peu del formulari.<\/p>\n\n\n\n<p>D\u2019acord amb el que estableix la Llei 34\/2002, de Serveis de la Societat de la Informaci\u00f3 i el Comer\u00e7 Electr\u00f2nic en el seu article 21, demanem el seu consentiment per poder realitzar comunicacions publicit\u00e0ries que considerem puguin ser del seu inter\u00e8s, per correu electr\u00f2nic o per qualsevol altre mitj\u00e0 de comunicaci\u00f3 electr\u00f2nica equivalent. Aquest consentiment l\u2019atorgar\u00e0 o no mitjan\u00e7ant un check box obligatori a peu del formulari.<\/p>\n\n\n\n<h2 class=\"wp-block-heading h3\">Propietat intel\u00b7lectual<\/h2>\n\n\n\n<p>Els drets de propietat intel\u00b7lectual i industrial derivats de tots els textos, imatges, com tamb\u00e9 dels mitjans i formes de presentaci\u00f3 i muntatge de les seves p\u00e0gines pertanyen, per si mateixos o com a cession\u00e0ria a&nbsp;<strong>IDEAMATIC DIGITAL EXPERIENCES SL<\/strong>. Seran, per tant, obres protegides amb propietat intel\u00b7lectual per l\u2019ordenament jur\u00eddic espanyol i se\u2019ls hi podr\u00e0 aplicar tant la normativa espanyola i comunit\u00e0ria en aquest \u00e0mbit com els tractats internacionals relatius a la mat\u00e8ria i subscrits per Espanya.<\/p>\n\n\n\n<p>Tots els drets reservats. En compliment de la Llei de la Propietat Intel\u00b7lectual es prohibeix expressament la reproducci\u00f3, distribuci\u00f3, comunicaci\u00f3 p\u00fablica i utilitzaci\u00f3 de la totalitat o part dels continguts de les seves p\u00e0gines web sense el consentiment expl\u00edcit de&nbsp;<strong>IDEAMATIC DIGITAL EXPERIENCES SL<\/strong>.<\/p>\n\n\n\n<p>Aix\u00ed mateix,&nbsp;<strong>IDEAMATIC DIGITAL EXPERIENCES SL<\/strong>&nbsp;es reserva la facultat de presentar les accions civils o penals que consideri oportunes per la utilitzaci\u00f3 indeguda de les seves p\u00e0gines web i continguts o per l\u2019incompliment d\u2019aquestes condicions.<\/p>\n\n\n\n<h2 class=\"wp-block-heading h3\">Segells de confian\u00e7a<\/h2>\n\n\n\n<p>Els segells de confian\u00e7a s\u00f3n distintius que es proporcionen a les tendes online per demostrar la seva qualitat i seguretat en la venda online. Per aconseguir el segell, aquestes s\u00f3n auditades o avaluades per comprovar que compleixen els criteris de seguretat en la compra i compliment legal. Les tendes que disposen d\u2019un segell de confian\u00e7a estan adherides a un codi de conducta i solen oferir als consumidors procediments alternatius de resoluci\u00f3 de conflictes senzills, r\u00e0pids i c\u00f2modes.<\/p>\n\n\n\n<h2 class=\"wp-block-heading h3\">Certificats de compliment LSSI-CE i protecci\u00f3 de dades<\/h2>\n\n\n\n<p class=\"p_link_01\"><strong>https:\/\/ideamatic.net<\/strong>&nbsp;compleix amb la normativa de Protecci\u00f3 de Dades vigent i amb la&nbsp;<strong>LSSI-CE<\/strong>, i ha estat assessorada en aquestes normatives per&nbsp;GRUPO QUALIA, per la qual cosa se li atorguen dues certificats en format d\u2019imatge digital perqu\u00e8 pugui exposar-los en el seu lloc web.<\/p>\n\n\n\n<h2 class=\"wp-block-heading h3\">Accions legals, legislaci\u00f3 aplicable i jurisdicci\u00f3<\/h2>\n\n\n\n<p>La relaci\u00f3 entre l\u2019usuari i&nbsp;<strong>IDEAMATIC DIGITAL EXPERIENCES SL<\/strong>, es regir\u00e0 per la normativa espanyola vigent. Seran competents per decidir sobre qualsevol controv\u00e8rsia que pugui sorgir entre l\u2019usuari i&nbsp;<strong>IDEAMATIC DIGITAL EXPERIENCES SL<\/strong>, els jutjats o tribunals de la localitat de&nbsp;<strong>BARCELONA<\/strong>.<\/p>\n<\/div><\/div>\n\n\n<style>.kadence-column4178_fac4fa-e2 > .kt-inside-inner-col,.kadence-column4178_fac4fa-e2 > .kt-inside-inner-col:before{border-top-left-radius:0px;border-top-right-radius:0px;border-bottom-right-radius:0px;border-bottom-left-radius:0px;}.kadence-column4178_fac4fa-e2 > .kt-inside-inner-col{column-gap:var(--global-kb-gap-sm, 1rem);}.kadence-column4178_fac4fa-e2 > .kt-inside-inner-col{flex-direction:column;}.kadence-column4178_fac4fa-e2 > .kt-inside-inner-col > .aligncenter{width:100%;}.kadence-column4178_fac4fa-e2 > .kt-inside-inner-col:before{opacity:0.3;}.kadence-column4178_fac4fa-e2{position:relative;}@media all and (max-width: 1024px){.kadence-column4178_fac4fa-e2 > .kt-inside-inner-col{flex-direction:column;justify-content:center;}}@media all and (max-width: 767px){.kadence-column4178_fac4fa-e2 > .kt-inside-inner-col{flex-direction:column;justify-content:center;}}<\/style>\n<div class=\"wp-block-kadence-column kadence-column4178_fac4fa-e2\"><div class=\"kt-inside-inner-col\"><\/div><\/div>\n\n<\/div><\/div>","protected":false},"excerpt":{"rendered":"<p>Av\u00eds legal Informaci\u00f3 corporativa En compliment de la Llei 34\/2002, d\u201911 de juliol, de serveis de la societat de la informaci\u00f3 i de comer\u00e7 electr\u00f2nic,&nbsp;IDEAMATIC DIGITAL EXPERIENCES SL, l\u2019informa que \u00e9s titular dels llocs web:&nbsp;https:\/\/ideamatic.net. D\u2019acord amb l\u2019exig\u00e8ncia de l\u2019article 10 de l\u2019esmentada Llei,&nbsp;IDEAMATIC DIGITAL EXPERIENCES SL, notifica les dades seg\u00fcents: el titular d\u2019aquesta p\u00e0gina &hellip;<\/p>\n","protected":false},"author":1,"featured_media":0,"parent":0,"menu_order":0,"comment_status":"closed","ping_status":"closed","template":"templates\/template-builder.php","meta":{"inline_featured_image":false,"_kad_blocks_custom_css":"","_kad_blocks_head_custom_js":"","_kad_blocks_body_custom_js":"","_kad_blocks_footer_custom_js":"","footnotes":""},"class_list":["post-4178","page","type-page","status-publish","hentry","post","without-featured-image"],"taxonomy_info":[],"featured_image_src_large":false,"author_info":{"display_name":"admin","author_link":"https:\/\/ideamatic.net\/en\/author\/ideadmin\/"},"comment_info":0,"_links":{"self":[{"href":"https:\/\/ideamatic.net\/en\/wp-json\/wp\/v2\/pages\/4178","targetHints":{"allow":["GET"]}}],"collection":[{"href":"https:\/\/ideamatic.net\/en\/wp-json\/wp\/v2\/pages"}],"about":[{"href":"https:\/\/ideamatic.net\/en\/wp-json\/wp\/v2\/types\/page"}],"author":[{"embeddable":true,"href":"https:\/\/ideamatic.net\/en\/wp-json\/wp\/v2\/users\/1"}],"replies":[{"embeddable":true,"href":"https:\/\/ideamatic.net\/en\/wp-json\/wp\/v2\/comments?post=4178"}],"version-history":[{"count":5,"href":"https:\/\/ideamatic.net\/en\/wp-json\/wp\/v2\/pages\/4178\/revisions"}],"predecessor-version":[{"id":6879,"href":"https:\/\/ideamatic.net\/en\/wp-json\/wp\/v2\/pages\/4178\/revisions\/6879"}],"wp:attachment":[{"href":"https:\/\/ideamatic.net\/en\/wp-json\/wp\/v2\/media?parent=4178"}],"curies":[{"name":"wp","href":"https:\/\/api.w.org\/{rel}","templated":true}]}}