{"id":3747,"date":"2024-02-09T13:10:37","date_gmt":"2024-02-09T12:10:37","guid":{"rendered":"https:\/\/new.ideamatic.net\/?page_id=3747"},"modified":"2025-12-04T12:53:09","modified_gmt":"2025-12-04T11:53:09","slug":"factoria-de-ideas-digitales-disruptivas","status":"publish","type":"page","link":"https:\/\/ideamatic.net\/es\/factoria-de-ideas-digitales-disruptivas\/","title":{"rendered":"Factor\u00eda de ideas digitales disruptivas"},"content":{"rendered":"<style>.kb-row-layout-wrap.wp-block-kadence-rowlayout.kb-row-layout-id3747_020a17-47{margin-bottom:175px;}.kb-row-layout-id3747_020a17-47 > .kt-row-column-wrap{align-content:start;}:where(.kb-row-layout-id3747_020a17-47 > .kt-row-column-wrap) > .wp-block-kadence-column{justify-content:start;}.kb-row-layout-id3747_020a17-47 > .kt-row-column-wrap{column-gap:var(--global-kb-gap-md, 2rem);row-gap:70px;padding-top:60px;padding-bottom:0px;}.kb-row-layout-id3747_020a17-47 > .kt-row-column-wrap > div:not(.added-for-specificity){grid-column:initial;}.kb-row-layout-id3747_020a17-47 > .kt-row-column-wrap{grid-template-columns:minmax(0, 1fr);}.kb-row-layout-id3747_020a17-47 > .kt-row-layout-overlay{opacity:0.30;}@media all and (max-width: 1024px){.kb-row-layout-wrap.wp-block-kadence-rowlayout.kb-row-layout-id3747_020a17-47{margin-bottom:105px;}}@media all and (max-width: 1024px){.kb-row-layout-id3747_020a17-47 > .kt-row-column-wrap{row-gap:35px;grid-template-columns:minmax(0, 1fr);}}@media all and (max-width: 1024px){.kb-row-layout-id3747_020a17-47 > .kt-row-column-wrap > div:not(.added-for-specificity){grid-column:initial;}}@media all and (max-width: 767px){.kb-row-layout-wrap.wp-block-kadence-rowlayout.kb-row-layout-id3747_020a17-47{margin-bottom:105px;}.kb-row-layout-id3747_020a17-47 > .kt-row-column-wrap{row-gap:35px;grid-template-columns:minmax(0, 1fr);}.kb-row-layout-id3747_020a17-47 > .kt-row-column-wrap > div:not(.added-for-specificity){grid-column:initial;}}<\/style><div class=\"kb-row-layout-wrap kb-row-layout-id3747_020a17-47 alignnone fila--container header wp-block-kadence-rowlayout\"><div class=\"kt-row-column-wrap kt-has-3-columns kt-row-layout-row kt-tab-layout-inherit kt-mobile-layout-row kt-row-valign-top\">\n<style>.kadence-column3747_f246d5-fd > .kt-inside-inner-col,.kadence-column3747_f246d5-fd > .kt-inside-inner-col:before{border-top-left-radius:0px;border-top-right-radius:0px;border-bottom-right-radius:0px;border-bottom-left-radius:0px;}.kadence-column3747_f246d5-fd > .kt-inside-inner-col{column-gap:var(--global-kb-gap-sm, 1rem);}.kadence-column3747_f246d5-fd > .kt-inside-inner-col{flex-direction:column;}.kadence-column3747_f246d5-fd > .kt-inside-inner-col > .aligncenter{width:100%;}.kadence-column3747_f246d5-fd > .kt-inside-inner-col:before{opacity:0.3;}.kadence-column3747_f246d5-fd{position:relative;}@media all and (max-width: 1024px){.kadence-column3747_f246d5-fd > .kt-inside-inner-col{flex-direction:column;justify-content:center;}}@media all and (max-width: 767px){.kadence-column3747_f246d5-fd > .kt-inside-inner-col{flex-direction:column;justify-content:center;}}<\/style>\n<div class=\"wp-block-kadence-column kadence-column3747_f246d5-fd\"><div class=\"kt-inside-inner-col\"><p class=\"breadcrumbs\"><a href=\"https:\/\/ideamatic.net\/es\/servicios-digitales\/\" data-type=\"page\" data-id=\"23\" class=\"breadcrumb--serveis\">Servicios<\/a> <span>\/<\/span> <a href=\"https:\/\/ideamatic.net\/es\/branding-y-proyectos-digitales\/\" data-type=\"page\" data-id=\"33\">Branding y proyectos digitales<\/a><\/p><\/div><\/div>\n\n\n<style>.kadence-column3747_774882-72 > .kt-inside-inner-col,.kadence-column3747_774882-72 > .kt-inside-inner-col:before{border-top-left-radius:0px;border-top-right-radius:0px;border-bottom-right-radius:0px;border-bottom-left-radius:0px;}.kadence-column3747_774882-72 > .kt-inside-inner-col{column-gap:var(--global-kb-gap-sm, 1rem);}.kadence-column3747_774882-72 > .kt-inside-inner-col{flex-direction:column;}.kadence-column3747_774882-72 > .kt-inside-inner-col > .aligncenter{width:100%;}.kadence-column3747_774882-72 > .kt-inside-inner-col:before{opacity:0.3;}.kadence-column3747_774882-72{position:relative;}@media all and (max-width: 1024px){.kadence-column3747_774882-72 > .kt-inside-inner-col{flex-direction:column;justify-content:center;}}@media all and (max-width: 767px){.kadence-column3747_774882-72 > .kt-inside-inner-col{flex-direction:column;justify-content:center;}}<\/style>\n<div class=\"wp-block-kadence-column kadence-column3747_774882-72\"><div class=\"kt-inside-inner-col\"><h1 class=\"wp-block-post-title\">Factor\u00eda de ideas digitales disruptivas<\/h1><\/div><\/div>\n\n\n<style>.kadence-column3747_17c417-39 > .kt-inside-inner-col,.kadence-column3747_17c417-39 > .kt-inside-inner-col:before{border-top-left-radius:0px;border-top-right-radius:0px;border-bottom-right-radius:0px;border-bottom-left-radius:0px;}.kadence-column3747_17c417-39 > .kt-inside-inner-col{column-gap:var(--global-kb-gap-sm, 1rem);}.kadence-column3747_17c417-39 > .kt-inside-inner-col{flex-direction:column;}.kadence-column3747_17c417-39 > .kt-inside-inner-col > .aligncenter{width:100%;}.kadence-column3747_17c417-39 > .kt-inside-inner-col:before{opacity:0.3;}.kadence-column3747_17c417-39{position:relative;}@media all and (max-width: 1024px){.kadence-column3747_17c417-39 > .kt-inside-inner-col{flex-direction:column;justify-content:center;}}@media all and (max-width: 767px){.kadence-column3747_17c417-39 > .kt-inside-inner-col{flex-direction:column;justify-content:center;}}<\/style>\n<div class=\"wp-block-kadence-column kadence-column3747_17c417-39\"><div class=\"kt-inside-inner-col\"><style>.wp-block-kadence-advancedheading.kt-adv-heading3747_55497d-7a, .wp-block-kadence-advancedheading.kt-adv-heading3747_55497d-7a[data-kb-block=\"kb-adv-heading3747_55497d-7a\"]{font-style:normal;}.wp-block-kadence-advancedheading.kt-adv-heading3747_55497d-7a mark.kt-highlight, .wp-block-kadence-advancedheading.kt-adv-heading3747_55497d-7a[data-kb-block=\"kb-adv-heading3747_55497d-7a\"] mark.kt-highlight{font-style:normal;color:#f76a0c;-webkit-box-decoration-break:clone;box-decoration-break:clone;padding-top:0px;padding-right:0px;padding-bottom:0px;padding-left:0px;}.wp-block-kadence-advancedheading.kt-adv-heading3747_55497d-7a img.kb-inline-image, .wp-block-kadence-advancedheading.kt-adv-heading3747_55497d-7a[data-kb-block=\"kb-adv-heading3747_55497d-7a\"] img.kb-inline-image{width:150px;vertical-align:baseline;}<\/style>\n<h2 class=\"kt-adv-heading3747_55497d-7a h3 wp-block-kadence-advancedheading\" data-kb-block=\"kb-adv-heading3747_55497d-7a\">\u00bfTienes una idea, un proyecto o un objetivo y quieres hacerlo realidad de forma innovadora? En Ideamatic, convertimos ideas en soluciones digitales eficientes, participativas y usables. Combina nuestra experiencia en estrategia digital, dise\u00f1o y tecnolog\u00eda e \u00abideamatizaremos\u00bb tu idea para transformarla en una realidad disruptiva.<\/h2>\n<\/div><\/div>\n\n<\/div><\/div>\n\n<style>.kb-row-layout-wrap.wp-block-kadence-rowlayout.kb-row-layout-id3747_007061-80{margin-top:0px;margin-bottom:0px;}.kb-row-layout-id3747_007061-80 > .kt-row-column-wrap{align-content:start;}:where(.kb-row-layout-id3747_007061-80 > .kt-row-column-wrap) > .wp-block-kadence-column{justify-content:start;}.kb-row-layout-id3747_007061-80 > .kt-row-column-wrap{column-gap:var(--global-kb-gap-md, 2rem);row-gap:var(--global-kb-gap-md, 2rem);padding-top:0px;padding-right:0px;padding-bottom:0px;padding-left:0px;grid-template-columns:minmax(0, 1fr);}.kb-row-layout-id3747_007061-80 > .kt-row-layout-overlay{opacity:0.30;}@media all and (max-width: 1024px){.kb-row-layout-id3747_007061-80 > .kt-row-column-wrap{grid-template-columns:minmax(0, 1fr);}}@media all and (max-width: 767px){.kb-row-layout-id3747_007061-80 > .kt-row-column-wrap{grid-template-columns:minmax(0, 1fr);}}<\/style><div class=\"kb-row-layout-wrap kb-row-layout-id3747_007061-80 alignfull tinta--home wp-block-kadence-rowlayout\"><div class=\"kt-row-column-wrap kt-has-1-columns kt-row-layout-equal kt-tab-layout-inherit kt-mobile-layout-row kt-row-valign-top\">\n<style>.kadence-column3747_bf19ba-ee > .kt-inside-inner-col{padding-top:0px;padding-right:0px;padding-bottom:0px;padding-left:0px;}.kadence-column3747_bf19ba-ee > .kt-inside-inner-col,.kadence-column3747_bf19ba-ee > .kt-inside-inner-col:before{border-top-left-radius:0px;border-top-right-radius:0px;border-bottom-right-radius:0px;border-bottom-left-radius:0px;}.kadence-column3747_bf19ba-ee > .kt-inside-inner-col{column-gap:var(--global-kb-gap-sm, 1rem);}.kadence-column3747_bf19ba-ee > .kt-inside-inner-col{flex-direction:column;}.kadence-column3747_bf19ba-ee > .kt-inside-inner-col > .aligncenter{width:100%;}.kadence-column3747_bf19ba-ee > .kt-inside-inner-col:before{opacity:0.3;}.kadence-column3747_bf19ba-ee{position:relative;}.kadence-column3747_bf19ba-ee, .kt-inside-inner-col > .kadence-column3747_bf19ba-ee:not(.specificity){margin-top:0px;margin-bottom:0px;}@media all and (max-width: 1024px){.kadence-column3747_bf19ba-ee > .kt-inside-inner-col{flex-direction:column;justify-content:center;}}@media all and (max-width: 767px){.kadence-column3747_bf19ba-ee > .kt-inside-inner-col{flex-direction:column;justify-content:center;}}<\/style>\n<div class=\"wp-block-kadence-column kadence-column3747_bf19ba-ee\"><div class=\"kt-inside-inner-col\"><div class=\"n2_clear\"><ss3-force-full-width data-overflow-x=\"body\" data-horizontal-selector=\"body\"><div class=\"n2-section-smartslider fitvidsignore  n2_clear\" data-ssid=\"5\" tabindex=\"0\" role=\"region\" aria-label=\"Tinta Superior\" data-alias=\"tinta\"><div id=\"n2-ss-5-align\" class=\"n2-ss-align\"><div class=\"n2-padding\"><div id=\"n2-ss-5\" data-creator=\"Smart Slider 3\" data-responsive=\"fullwidth\" class=\"n2-ss-slider n2-ow n2-has-hover n2notransition tinta \">\n        <div class=\"n2-ss-slider-1 n2-ow\">\n            <div class=\"n2-ss-slider-2 n2-ow\">\n                <div class=\"n2-ss-slide-backgrounds n2-ow-all\"><div class=\"n2-ss-slide-background\" data-public-id=\"1\" data-mode=\"fill\"><div data-color=\"RGBA(255,255,255,0)\" style=\"background-color: RGBA(255,255,255,0);\" class=\"n2-ss-slide-background-color\"><\/div><\/div><\/div>                <div class=\"n2-ss-slider-3 n2-ow\">\n                    <svg xmlns=\"http:\/\/www.w3.org\/2000\/svg\" viewBox=\"0 0 1200 100\" data-related-device=\"desktopPortrait\" class=\"n2-ow n2-ss-preserve-size n2-ss-preserve-size--slider n2-ss-slide-limiter\"><\/svg><div data-first=\"1\" data-slide-duration=\"0\" data-id=\"38\" data-slide-public-id=\"1\" data-title=\"Slide\" class=\"n2-ss-slide n2-ow  n2-ss-slide-38\"><div role=\"note\" class=\"n2-ss-slide--focus\" tabindex=\"-1\">Slide<\/div><div class=\"n2-ss-layers-container n2-ss-slide-limiter n2-ow\"><div class=\"n2-ss-layer n2-ow n-uc-ozIjxRA29XHn\" data-sstype=\"slide\" data-pm=\"default\"><\/div><\/div><\/div>                <\/div>\n                <div id=\"n2-ss-5-shape-divider-top\" class=\"n2-ss-shape-divider n2-ss-shape-divider-top\" data-ss-sd-animate=\"1\" data-ss-sd-scroll=\"grow\" data-ss-sd-speed=\"300\" data-ss-sd-side=\"top\" aria-hidden=\"true\"><div class=\"n2-ss-shape-divider-inner\" style=\"transform:scaleY(0)\"><svg xmlns=\"http:\/\/www.w3.org\/2000\/svg\" viewBox=\"0 0 1920 120\" preserveAspectRatio=\"none\" data-yoyo=\"1\"> <path fill=\"RGBA(255,255,255,1)\" duration=\"4\" ease=\"easeInOutSine\" d=\"M1920,5 C1808,5,1699,109,1526,109 C1365,109,1271,13,1080,13 C925,13,840.152,62,716,62 C565,62,521,13,377,13 C229,13,132,103,0,103 L0,-2 L1920,-2 L1920,5Z\" to-d=\"M1920,106 C1753.761,106,1659.906,10,1512,10 C1352,10,1263,75,1080,75 C934,75,837,4,669,4 C478,4,424,120,196,120 C88,120,0,93,0,93 L0,-2 L1920,-2 L1920,106Z\"><\/path> <path fill=\"RGBA(255,255,255,0)\" duration=\"3.8\" delay=\"0.5\" ease=\"easeInOutSine\" d=\"M1920,106 C1753.761,106,1659.906,10,1512,10 C1352,10,1263,75,1080,75 C934,75,837,4,669,4 C478,4,424,120,196,120 C88,120,0,93,0,93 L0,-2 L1920,-2 L1920,106Z\" to-d=\"M1920,5 C1808,5,1699,109,1526,109 C1365,109,1271,13,1080,13 C925,13,840.152,62,716,62 C565,62,521,13,377,13 C229,13,132,103,0,103 L0,-2 L1920,-2 L1920,5Z\"><\/path><\/svg><\/div><\/div>            <\/div>\n        <\/div>\n        <\/div><ss3-loader><\/ss3-loader><\/div><\/div><div class=\"n2_clear\"><\/div><\/div><\/ss3-force-full-width><\/div><\/div><\/div>\n\n<\/div><\/div>\n\n<style>.kb-row-layout-wrap.wp-block-kadence-rowlayout.kb-row-layout-id3747_f528cc-71{margin-top:0px;margin-bottom:0px;}.kb-row-layout-id3747_f528cc-71 > .kt-row-column-wrap{align-content:start;}:where(.kb-row-layout-id3747_f528cc-71 > .kt-row-column-wrap) > .wp-block-kadence-column{justify-content:start;}.kb-row-layout-id3747_f528cc-71 > .kt-row-column-wrap{column-gap:var(--global-kb-gap-md, 2rem);row-gap:var(--global-kb-gap-md, 2rem);padding-top:175px;padding-bottom:175px;grid-template-columns:minmax(0, 1fr);}.kb-row-layout-id3747_f528cc-71 > .kt-row-layout-overlay{opacity:0.30;}@media all and (max-width: 1024px){.kb-row-layout-id3747_f528cc-71 > .kt-row-column-wrap{padding-top:70px;padding-bottom:0px;grid-template-columns:minmax(0, 1fr);}}@media all and (max-width: 767px){.kb-row-layout-id3747_f528cc-71 > .kt-row-column-wrap{padding-top:70px;padding-bottom:70px;grid-template-columns:minmax(0, 1fr);}}<\/style><div class=\"kb-row-layout-wrap kb-row-layout-id3747_f528cc-71 alignfull has-black-background-color kt-row-has-bg fila--container servei full subhome wp-block-kadence-rowlayout\"><div class=\"kt-row-column-wrap kt-has-1-columns kt-row-layout-equal kt-tab-layout-inherit kt-mobile-layout-row kt-row-valign-top\">\n<style>.kadence-column3747_5c4e37-7b > .kt-inside-inner-col,.kadence-column3747_5c4e37-7b > .kt-inside-inner-col:before{border-top-left-radius:0px;border-top-right-radius:0px;border-bottom-right-radius:0px;border-bottom-left-radius:0px;}.kadence-column3747_5c4e37-7b > .kt-inside-inner-col{column-gap:var(--global-kb-gap-sm, 1rem);}.kadence-column3747_5c4e37-7b > .kt-inside-inner-col{flex-direction:column;}.kadence-column3747_5c4e37-7b > .kt-inside-inner-col > .aligncenter{width:100%;}.kadence-column3747_5c4e37-7b > .kt-inside-inner-col:before{opacity:0.3;}.kadence-column3747_5c4e37-7b{position:relative;}@media all and (max-width: 1024px){.kadence-column3747_5c4e37-7b > .kt-inside-inner-col{flex-direction:column;justify-content:center;}}@media all and (max-width: 767px){.kadence-column3747_5c4e37-7b > .kt-inside-inner-col{flex-direction:column;justify-content:center;}}<\/style>\n<div class=\"wp-block-kadence-column kadence-column3747_5c4e37-7b\"><div class=\"kt-inside-inner-col\"><style>.kb-row-layout-wrap.wp-block-kadence-rowlayout.kb-row-layout-id3747_534f13-95{margin-bottom:175px;}.kb-row-layout-id3747_534f13-95 > .kt-row-column-wrap{align-content:start;}:where(.kb-row-layout-id3747_534f13-95 > .kt-row-column-wrap) > .wp-block-kadence-column{justify-content:start;}.kb-row-layout-id3747_534f13-95 > .kt-row-column-wrap{column-gap:140px;row-gap:var(--global-kb-gap-md, 2rem);padding-top:0px;padding-bottom:0px;grid-template-columns:repeat(2, minmax(0, 1fr));}.kb-row-layout-id3747_534f13-95 > .kt-row-layout-overlay{opacity:0.30;}@media all and (max-width: 1024px){.kb-row-layout-wrap.wp-block-kadence-rowlayout.kb-row-layout-id3747_534f13-95{margin-bottom:70px;}}@media all and (max-width: 1024px){.kb-row-layout-id3747_534f13-95 > .kt-row-column-wrap{column-gap:70px;grid-template-columns:repeat(2, minmax(0, 1fr));}}@media all and (max-width: 767px){.kb-row-layout-wrap.wp-block-kadence-rowlayout.kb-row-layout-id3747_534f13-95{margin-bottom:70px;}.kb-row-layout-id3747_534f13-95 > .kt-row-column-wrap{row-gap:0px;grid-template-columns:minmax(0, 1fr);}}<\/style><div class=\"kb-row-layout-wrap kb-row-layout-id3747_534f13-95 alignnone container fila--container servei wp-block-kadence-rowlayout\"><div class=\"kt-row-column-wrap kt-has-2-columns kt-row-layout-equal kt-tab-layout-inherit kt-mobile-layout-row kt-row-valign-top\">\n<style>.kadence-column3747_7330ad-a2 > .kt-inside-inner-col,.kadence-column3747_7330ad-a2 > .kt-inside-inner-col:before{border-top-left-radius:0px;border-top-right-radius:0px;border-bottom-right-radius:0px;border-bottom-left-radius:0px;}.kadence-column3747_7330ad-a2 > .kt-inside-inner-col{column-gap:var(--global-kb-gap-sm, 1rem);}.kadence-column3747_7330ad-a2 > .kt-inside-inner-col{flex-direction:column;}.kadence-column3747_7330ad-a2 > .kt-inside-inner-col > .aligncenter{width:100%;}.kadence-column3747_7330ad-a2 > .kt-inside-inner-col:before{opacity:0.3;}.kadence-column3747_7330ad-a2{position:relative;}@media all and (max-width: 1024px){.kadence-column3747_7330ad-a2 > .kt-inside-inner-col{flex-direction:column;justify-content:center;}}@media all and (max-width: 767px){.kadence-column3747_7330ad-a2 > .kt-inside-inner-col{flex-direction:column;justify-content:center;}}<\/style>\n<div class=\"wp-block-kadence-column kadence-column3747_7330ad-a2\" data-aos=\"fade-up\" data-aos-delay=\"500\" data-aos-once=\"true\"><div class=\"kt-inside-inner-col\"><style>.wp-block-kadence-advancedheading.kt-adv-heading3747_a13bd1-6a, .wp-block-kadence-advancedheading.kt-adv-heading3747_a13bd1-6a[data-kb-block=\"kb-adv-heading3747_a13bd1-6a\"]{font-style:normal;}.wp-block-kadence-advancedheading.kt-adv-heading3747_a13bd1-6a mark.kt-highlight, .wp-block-kadence-advancedheading.kt-adv-heading3747_a13bd1-6a[data-kb-block=\"kb-adv-heading3747_a13bd1-6a\"] mark.kt-highlight{font-style:normal;color:#f76a0c;-webkit-box-decoration-break:clone;box-decoration-break:clone;padding-top:0px;padding-right:0px;padding-bottom:0px;padding-left:0px;}.wp-block-kadence-advancedheading.kt-adv-heading3747_a13bd1-6a img.kb-inline-image, .wp-block-kadence-advancedheading.kt-adv-heading3747_a13bd1-6a[data-kb-block=\"kb-adv-heading3747_a13bd1-6a\"] img.kb-inline-image{width:150px;vertical-align:baseline;}<\/style>\n<h3 class=\"kt-adv-heading3747_a13bd1-6a wp-block-kadence-advancedheading has-white-color has-text-color\" data-kb-block=\"kb-adv-heading3747_a13bd1-6a\" data-aos-easing=\"ease-in\">La digitalizaci\u00f3n como oportunidad.<\/h3>\n<\/div><\/div>\n\n\n<style>.kadence-column3747_c7f2a8-07 > .kt-inside-inner-col,.kadence-column3747_c7f2a8-07 > .kt-inside-inner-col:before{border-top-left-radius:0px;border-top-right-radius:0px;border-bottom-right-radius:0px;border-bottom-left-radius:0px;}.kadence-column3747_c7f2a8-07 > .kt-inside-inner-col{column-gap:var(--global-kb-gap-sm, 1rem);}.kadence-column3747_c7f2a8-07 > .kt-inside-inner-col{flex-direction:column;}.kadence-column3747_c7f2a8-07 > .kt-inside-inner-col > .aligncenter{width:100%;}.kadence-column3747_c7f2a8-07 > .kt-inside-inner-col:before{opacity:0.3;}.kadence-column3747_c7f2a8-07{position:relative;}@media all and (max-width: 1024px){.kadence-column3747_c7f2a8-07 > .kt-inside-inner-col{flex-direction:column;justify-content:center;}}@media all and (max-width: 767px){.kadence-column3747_c7f2a8-07 > .kt-inside-inner-col{flex-direction:column;justify-content:center;}}<\/style>\n<div class=\"wp-block-kadence-column kadence-column3747_c7f2a8-07\" data-aos=\"fade-up\" data-aos-delay=\"600\" data-aos-once=\"true\"><div class=\"kt-inside-inner-col\">\n<p class=\"has-white-color has-text-color has-link-color wp-elements-4f7263ab1a0d337ee3ddcedf52cc83b1\">El mundo se ha digitalizado, lo que implica que podemos redise\u00f1ar cualquier proceso. La transformaci\u00f3n digital no es s\u00f3lo una tendencia, sino una forma de pensar e innovar. Automatizamos respuestas, calculamos caminos y optimizamos la interacci\u00f3n entre personas y tecnolog\u00eda. Dise\u00f1amos escenarios innovadores en los que todo es medible, gestionable y alterable.<\/p>\n<\/div><\/div>\n\n<\/div><\/div>\n\n<style>.kb-row-layout-wrap.wp-block-kadence-rowlayout.kb-row-layout-id3747_28b92e-0f{margin-bottom:0px;}.kb-row-layout-id3747_28b92e-0f > .kt-row-column-wrap{align-content:start;}:where(.kb-row-layout-id3747_28b92e-0f > .kt-row-column-wrap) > .wp-block-kadence-column{justify-content:start;}.kb-row-layout-id3747_28b92e-0f > .kt-row-column-wrap{column-gap:140px;row-gap:var(--global-kb-gap-md, 2rem);padding-top:0px;padding-bottom:0px;grid-template-columns:repeat(2, minmax(0, 1fr));}.kb-row-layout-id3747_28b92e-0f > .kt-row-layout-overlay{opacity:0.30;}@media all and (max-width: 1024px){.kb-row-layout-wrap.wp-block-kadence-rowlayout.kb-row-layout-id3747_28b92e-0f{margin-bottom:70px;}}@media all and (max-width: 1024px){.kb-row-layout-id3747_28b92e-0f > .kt-row-column-wrap{column-gap:70px;grid-template-columns:repeat(2, minmax(0, 1fr));}}@media all and (max-width: 767px){.kb-row-layout-wrap.wp-block-kadence-rowlayout.kb-row-layout-id3747_28b92e-0f{margin-bottom:0px;}.kb-row-layout-id3747_28b92e-0f > .kt-row-column-wrap{row-gap:0px;grid-template-columns:minmax(0, 1fr);}}<\/style><div class=\"kb-row-layout-wrap kb-row-layout-id3747_28b92e-0f alignnone container fila--container servei wp-block-kadence-rowlayout\"><div class=\"kt-row-column-wrap kt-has-2-columns kt-row-layout-equal kt-tab-layout-inherit kt-mobile-layout-row kt-row-valign-top\">\n<style>.kadence-column3747_8c5471-74 > .kt-inside-inner-col,.kadence-column3747_8c5471-74 > .kt-inside-inner-col:before{border-top-left-radius:0px;border-top-right-radius:0px;border-bottom-right-radius:0px;border-bottom-left-radius:0px;}.kadence-column3747_8c5471-74 > .kt-inside-inner-col{column-gap:var(--global-kb-gap-sm, 1rem);}.kadence-column3747_8c5471-74 > .kt-inside-inner-col{flex-direction:column;}.kadence-column3747_8c5471-74 > .kt-inside-inner-col > .aligncenter{width:100%;}.kadence-column3747_8c5471-74 > .kt-inside-inner-col:before{opacity:0.3;}.kadence-column3747_8c5471-74{position:relative;}@media all and (max-width: 1024px){.kadence-column3747_8c5471-74 > .kt-inside-inner-col{flex-direction:column;justify-content:center;}}@media all and (max-width: 767px){.kadence-column3747_8c5471-74 > .kt-inside-inner-col{flex-direction:column;justify-content:center;}}<\/style>\n<div class=\"wp-block-kadence-column kadence-column3747_8c5471-74\" data-aos=\"fade-up\" data-aos-delay=\"500\" data-aos-once=\"true\"><div class=\"kt-inside-inner-col\"><style>.wp-block-kadence-advancedheading.kt-adv-heading3747_0d145c-2e, .wp-block-kadence-advancedheading.kt-adv-heading3747_0d145c-2e[data-kb-block=\"kb-adv-heading3747_0d145c-2e\"]{font-style:normal;}.wp-block-kadence-advancedheading.kt-adv-heading3747_0d145c-2e mark.kt-highlight, .wp-block-kadence-advancedheading.kt-adv-heading3747_0d145c-2e[data-kb-block=\"kb-adv-heading3747_0d145c-2e\"] mark.kt-highlight{font-style:normal;color:#f76a0c;-webkit-box-decoration-break:clone;box-decoration-break:clone;padding-top:0px;padding-right:0px;padding-bottom:0px;padding-left:0px;}.wp-block-kadence-advancedheading.kt-adv-heading3747_0d145c-2e img.kb-inline-image, .wp-block-kadence-advancedheading.kt-adv-heading3747_0d145c-2e[data-kb-block=\"kb-adv-heading3747_0d145c-2e\"] img.kb-inline-image{width:150px;vertical-align:baseline;}<\/style>\n<h3 class=\"kt-adv-heading3747_0d145c-2e wp-block-kadence-advancedheading has-white-color has-text-color\" data-kb-block=\"kb-adv-heading3747_0d145c-2e\" data-aos-easing=\"ease-in\">Pasa tu idea por la exprimidora de Ideamatic.<\/h3>\n<\/div><\/div>\n\n\n<style>.kadence-column3747_81508d-e4 > .kt-inside-inner-col,.kadence-column3747_81508d-e4 > .kt-inside-inner-col:before{border-top-left-radius:0px;border-top-right-radius:0px;border-bottom-right-radius:0px;border-bottom-left-radius:0px;}.kadence-column3747_81508d-e4 > .kt-inside-inner-col{column-gap:var(--global-kb-gap-sm, 1rem);}.kadence-column3747_81508d-e4 > .kt-inside-inner-col{flex-direction:column;}.kadence-column3747_81508d-e4 > .kt-inside-inner-col > .aligncenter{width:100%;}.kadence-column3747_81508d-e4 > .kt-inside-inner-col:before{opacity:0.3;}.kadence-column3747_81508d-e4{position:relative;}@media all and (max-width: 1024px){.kadence-column3747_81508d-e4 > .kt-inside-inner-col{flex-direction:column;justify-content:center;}}@media all and (max-width: 767px){.kadence-column3747_81508d-e4 > .kt-inside-inner-col{flex-direction:column;justify-content:center;}}<\/style>\n<div class=\"wp-block-kadence-column kadence-column3747_81508d-e4\" data-aos=\"fade-up\" data-aos-delay=\"600\" data-aos-once=\"true\"><div class=\"kt-inside-inner-col\">\n<p class=\"has-white-color has-text-color has-link-color wp-elements-7958fa275256fa2b84b461c87aedc3a9\">El mundo digital es un mundo de posibilidades. Y en Ideamatic nos encanta apartar los ordenadores de la mesa, mirarnos cara a cara con nuestros clientes m\u00e1s provocadores y empezar a dibujar nuevos escenarios. -Las l\u00edneas maestras, pintar sus paredes e implementar su puesta en marcha. Sin condicionantes previos, ni tecnol\u00f3gicos ni de ning\u00fan otro tipo.<\/p>\n<\/div><\/div>\n\n<\/div><\/div><\/div><\/div>\n\n<\/div><\/div>","protected":false},"excerpt":{"rendered":"<p>\u00bfTienes una idea, un proyecto o un objetivo y quieres hacerlo realidad de forma innovadora? En Ideamatic, convertimos ideas en soluciones digitales eficientes, participativas y usables. Combina nuestra experiencia en estrategia digital, dise\u00f1o y tecnolog\u00eda e \u00abideamatizaremos\u00bb tu idea para transformarla en una realidad disruptiva. La digitalizaci\u00f3n como oportunidad. El mundo se ha digitalizado, lo &hellip;<\/p>\n","protected":false},"author":1,"featured_media":0,"parent":0,"menu_order":0,"comment_status":"closed","ping_status":"closed","template":"templates\/template-builder.php","meta":{"inline_featured_image":false,"_kad_blocks_custom_css":"","_kad_blocks_head_custom_js":"","_kad_blocks_body_custom_js":"","_kad_blocks_footer_custom_js":"","footnotes":""},"class_list":["post-3747","page","type-page","status-publish","hentry","post","without-featured-image"],"taxonomy_info":[],"featured_image_src_large":false,"author_info":{"display_name":"admin","author_link":"https:\/\/ideamatic.net\/es\/author\/ideadmin\/"},"comment_info":0,"_links":{"self":[{"href":"https:\/\/ideamatic.net\/es\/wp-json\/wp\/v2\/pages\/3747","targetHints":{"allow":["GET"]}}],"collection":[{"href":"https:\/\/ideamatic.net\/es\/wp-json\/wp\/v2\/pages"}],"about":[{"href":"https:\/\/ideamatic.net\/es\/wp-json\/wp\/v2\/types\/page"}],"author":[{"embeddable":true,"href":"https:\/\/ideamatic.net\/es\/wp-json\/wp\/v2\/users\/1"}],"replies":[{"embeddable":true,"href":"https:\/\/ideamatic.net\/es\/wp-json\/wp\/v2\/comments?post=3747"}],"version-history":[{"count":3,"href":"https:\/\/ideamatic.net\/es\/wp-json\/wp\/v2\/pages\/3747\/revisions"}],"predecessor-version":[{"id":6866,"href":"https:\/\/ideamatic.net\/es\/wp-json\/wp\/v2\/pages\/3747\/revisions\/6866"}],"wp:attachment":[{"href":"https:\/\/ideamatic.net\/es\/wp-json\/wp\/v2\/media?parent=3747"}],"curies":[{"name":"wp","href":"https:\/\/api.w.org\/{rel}","templated":true}]}}