{"id":3872,"date":"2023-02-10T10:28:07","date_gmt":"2023-02-10T09:28:07","guid":{"rendered":"https:\/\/new.ideamatic.net\/?page_id=3872"},"modified":"2025-12-04T13:07:15","modified_gmt":"2025-12-04T12:07:15","slug":"aviso-legal-y-politica-de-privacidad","status":"publish","type":"page","link":"https:\/\/ideamatic.net\/es\/aviso-legal-y-politica-de-privacidad\/","title":{"rendered":"Aviso legal y Pol\u00edtica de privacidad"},"content":{"rendered":"<style>.kb-row-layout-wrap.wp-block-kadence-rowlayout.kb-row-layout-id3872_3863f4-31{margin-bottom:100px;}.kb-row-layout-id3872_3863f4-31 > .kt-row-column-wrap{align-content:start;}:where(.kb-row-layout-id3872_3863f4-31 > .kt-row-column-wrap) > .wp-block-kadence-column{justify-content:start;}.kb-row-layout-id3872_3863f4-31 > .kt-row-column-wrap{column-gap:var(--global-kb-gap-md, 2rem);row-gap:var(--global-kb-gap-md, 2rem);padding-top:0px;padding-bottom:0px;}.kb-row-layout-id3872_3863f4-31 > .kt-row-column-wrap > div:not(.added-for-specificity){grid-column:initial;}.kb-row-layout-id3872_3863f4-31 > .kt-row-column-wrap{grid-template-columns:minmax(0, 1fr) minmax(0, 3fr) minmax(0, 1fr);}.kb-row-layout-id3872_3863f4-31 > .kt-row-layout-overlay{opacity:0.30;}@media all and (max-width: 1024px){.kb-row-layout-id3872_3863f4-31 > .kt-row-column-wrap > div:not(.added-for-specificity){grid-column:initial;}}@media all and (max-width: 1024px){.kb-row-layout-id3872_3863f4-31 > .kt-row-column-wrap{grid-template-columns:minmax(0, 1fr) minmax(0, 3fr) minmax(0, 1fr);}}@media all and (max-width: 767px){.kb-row-layout-id3872_3863f4-31 > .kt-row-column-wrap > div:not(.added-for-specificity){grid-column:initial;}.kb-row-layout-id3872_3863f4-31 > .kt-row-column-wrap{grid-template-columns:minmax(0, 1fr);}}<\/style><div class=\"kb-row-layout-wrap kb-row-layout-id3872_3863f4-31 alignnone wp-block-kadence-rowlayout\"><div class=\"kt-row-column-wrap kt-has-3-columns kt-row-layout-center-wide kt-tab-layout-inherit kt-mobile-layout-row kt-row-valign-top\">\n<style>.kadence-column3872_87aea4-05 > .kt-inside-inner-col,.kadence-column3872_87aea4-05 > .kt-inside-inner-col:before{border-top-left-radius:0px;border-top-right-radius:0px;border-bottom-right-radius:0px;border-bottom-left-radius:0px;}.kadence-column3872_87aea4-05 > .kt-inside-inner-col{column-gap:var(--global-kb-gap-sm, 1rem);}.kadence-column3872_87aea4-05 > .kt-inside-inner-col{flex-direction:column;}.kadence-column3872_87aea4-05 > .kt-inside-inner-col > .aligncenter{width:100%;}.kadence-column3872_87aea4-05 > .kt-inside-inner-col:before{opacity:0.3;}.kadence-column3872_87aea4-05{position:relative;}@media all and (max-width: 1024px){.kadence-column3872_87aea4-05 > .kt-inside-inner-col{flex-direction:column;justify-content:center;}}@media all and (max-width: 767px){.kadence-column3872_87aea4-05 > .kt-inside-inner-col{flex-direction:column;justify-content:center;}}<\/style>\n<div class=\"wp-block-kadence-column kadence-column3872_87aea4-05\"><div class=\"kt-inside-inner-col\"><\/div><\/div>\n\n\n<style>.kadence-column3872_ce8bf2-9d > .kt-inside-inner-col,.kadence-column3872_ce8bf2-9d > .kt-inside-inner-col:before{border-top-left-radius:0px;border-top-right-radius:0px;border-bottom-right-radius:0px;border-bottom-left-radius:0px;}.kadence-column3872_ce8bf2-9d > .kt-inside-inner-col{column-gap:var(--global-kb-gap-sm, 1rem);}.kadence-column3872_ce8bf2-9d > .kt-inside-inner-col{flex-direction:column;}.kadence-column3872_ce8bf2-9d > .kt-inside-inner-col > .aligncenter{width:100%;}.kadence-column3872_ce8bf2-9d > .kt-inside-inner-col:before{opacity:0.3;}.kadence-column3872_ce8bf2-9d{position:relative;}@media all and (max-width: 1024px){.kadence-column3872_ce8bf2-9d > .kt-inside-inner-col{flex-direction:column;justify-content:center;}}@media all and (max-width: 767px){.kadence-column3872_ce8bf2-9d > .kt-inside-inner-col{flex-direction:column;justify-content:center;}}<\/style>\n<div class=\"wp-block-kadence-column kadence-column3872_ce8bf2-9d\"><div class=\"kt-inside-inner-col\">\n<h1 class=\"wp-block-heading title_section\">Av\u00edso legal<\/h1>\n\n\n\n<h2 class=\"wp-block-heading h3\">Informaci\u00f3n corporativa<\/h2>\n\n\n\n<p class=\"p_link_01\">En cumplimiento de la Ley 34\/2002, de 11 de julio, de servicios de la sociedad de la informaci\u00f3n y de comercio electr\u00f3nico, <strong>IDEAMATIC DIGITAL EXPERIENCES SL<\/strong>, le informa que es titular del sitio web: <strong>https:\/\/ideamatic.net<\/strong>. de acuerdo con la exigencia del art\u00edculo 10 de la mencionada Ley, <strong>IDEAMATIC DIGITAL EXPERIENCES SL<\/strong>, notifica los siguientes datos: el titular de esta p\u00e1gina web es <strong>IDEAMATIC DIGITAL EXPERIENCES SL<\/strong>, con CIF\/NIF: <strong>B66279498<\/strong> i Registro Mercantil de <strong>BARCELONA<\/strong>, Tomo: <strong>44302<\/strong>. Folio: <strong>37, S8<\/strong>, Hoja: <strong>B-452162<\/strong> y Domicilio Social: <strong>AV. RIO DE JANEIRO 106<\/strong>, C\u00f3digo Postal: <strong>08016<\/strong>. Localidad: <strong>BARCELONA<\/strong>, Provincia: <strong>BARCELONA<\/strong>. La direcci\u00f3n de correo electr\u00f3nico de contacto con la empresa es: <strong>h&#105;&#64;&#x69;&#x64;&#x65;&#x61;m&#97;&#116;&#105;&#x63;&#x2e;&#x6e;et<\/strong><\/p>\n\n\n\n<h2 class=\"wp-block-heading h3\">Aviso legal Web. Usuario y r\u00e9gimen de responsabilidades<\/h2>\n\n\n\n<p>La navegaci\u00f3n por acceso o uso de la p\u00e1gina web&nbsp; y todos los subdominios y directorios incluidos bajo la misma, as\u00ed como los servicios o contenidos que a trav\u00e9s de \u00e9l se puedan obtener y todos los portales de dominio propio bajo titularidad de <strong>IDEAMATIC DIGITAL EXPERIENCES SL<\/strong>, otorga la Condici\u00f3n de <strong>Usuario<\/strong>, por la que se aceptan, al navegar por la p\u00e1gina <strong>IDEAMATIC DIGITAL EXPERIENCES SL<\/strong>, todas las condiciones de uso que se establecen aqu\u00ed sin perjudicar la aplicaci\u00f3n de la correspondiente normativa de obligado cumplimiento legal seg\u00fan el caso.<\/p>\n\n\n\n<p>Por eso, si las consideraciones detalladas en este aviso legal no son de su conformidad, rogamos no haga uso del portal, ya que cualquier uso que haga del mismo o los servicios y contenidos en \u00e9l incluidos implicar\u00e1 la aceptaci\u00f3n de los t\u00e9rminos legales recogidos en este texto.<\/p>\n\n\n\n<p>La p\u00e1gina web de <strong>IDEAMATIC DIGITAL EXPERIENCES SL<\/strong> proporciona gran diversidad de informaci\u00f3n, servicios y datos. El usuario asume su responsabilidad en el uso correcto de los sitios web. Esta responsabilidad se extender\u00e1 a: La veracidad y licitud de las informaciones aportadas por el usuario en los formularios emitidos por <strong>IDEAMATIC DIGITAL EXPERIENCES SL<\/strong> para acceder a determinados contenidos o servicios ofrecidos por la web.<\/p>\n\n\n\n<p>El uso de la informaci\u00f3n, servicios y datos ofrecidos por <strong>IDEAMATIC DIGITAL EXPERIENCES SL<\/strong> no ir\u00e1n contra las disposiciones de estas condiciones, la Ley, la moral, las buenas costumbres o el orden p\u00fablico o que, en otro caso, puedan suponer lesi\u00f3n de los derechos de terceros o del funcionamiento de los sitios web. A tal efecto, el Usuario se abstendr\u00e1 de utilizar cualquiera de los contenidos con fines o efectos il\u00edcitos, prohibidos en este texto, lesivos de los derechos e intereses de terceros, o que de cualquier forma puedan da\u00f1ar, inutilizar, sobrecargar, deteriorar o impedir la normal utilizaci\u00f3n de los contenidos, otros Usuarios o de cualquier usuario de Internet (hardware y software).<\/p>\n\n\n\n<p>Los usuarios responder\u00e1n de los da\u00f1os y perjuicios de toda naturaleza que la empresa propietaria de la web pueda sufrir, directa o indirectamente, como consecuencia de incumplimiento de cualquiera de las obligaciones derivadas del uso de la Web y de esta pol\u00edtica de privacidad.<\/p>\n\n\n\n<p>En particular, ya t\u00edtulo meramente indicativo y no exhaustivo, el Usuario se compromete a no transmitir, difundir o poner a disposici\u00f3n de terceros informaciones, datos, contenidos, mensajes, gr\u00e1ficos, dibujos, archivos de sonido y\/o imagen, fotograf\u00edas de la web.<\/p>\n\n\n\n<h1 class=\"wp-block-heading\">Pol\u00edtica de privacidad<\/h1>\n\n\n\n<h2 class=\"wp-block-heading h3\">Pol\u00edtica de enlaces y exenciones de responsabilidad<\/h2>\n\n\n\n<p><strong>IDEAMATIC DIGITAL EXPERIENCES SL<\/strong> no se hace responsable del contenido de las p\u00e1ginas web a las que pueda acceder el usuario a trav\u00e9s de los enlaces establecidos en sus sitios web y declara que en ning\u00fan caso examinar\u00e1 ni ejercitar\u00e1 ning\u00fan tipo de control sobre el contenido de otras p\u00e1ginas de la red.<\/p>\n\n\n\n<p>Asimismo, tampoco garantiza la disponibilidad t\u00e9cnica, exactitud, veracidad, validez o legalidad de p\u00e1ginas ajenas a su propiedad a las que se pueda acceder a trav\u00e9s de los enlaces.<\/p>\n\n\n\n<p><strong>IDEAMATIC DIGITAL EXPERIENCES SL<\/strong>, declara que ha adoptado todas las medidas necesarias para evitar cualquier da\u00f1o que pueda derivarse de la navegaci\u00f3n por sus p\u00e1ginas web. En consecuencia,<strong> IDEAMATIC DIGITAL EXPERIENCES SL<\/strong> no se hace responsable, en ning\u00fan caso, de los eventuales da\u00f1os que pueda sufrir el usuario a causa de la navegaci\u00f3n por Internet.<\/p>\n\n\n\n<p><strong>IDEAMATIC DIGITAL EXPERIENCES SL<\/strong>, no se responsabiliza de los da\u00f1os o perjuicios de cualquier tipo producidos en el Usuario que traigan causa de fallos o desconexiones en las redes de telecomunicaciones que produzcan la suspensi\u00f3n, cancelaci\u00f3n, instalaci\u00f3n o interrupci\u00f3n del servicio de la web durante la prestaci\u00f3n del mismo o con car\u00e1cter previo.<\/p>\n\n\n\n<p>El acceso a la web: <strong>https:\/\/ideamatic.net<\/strong> no implica la obligaci\u00f3n por parte de la empresa de controlar la ausencia de virus o cualquier otro elemento inform\u00e1tico da\u00f1ino. Corresponde al Usuario, en todo caso, la disponibilidad de herramientas adecuadas para la detecci\u00f3n y desinfecci\u00f3n de programas inform\u00e1ticos da\u00f1inos.<\/p>\n\n\n\n<p><strong>IDEAMATIC DIGITAL EXPERIENCES SL<\/strong>, no se responsabiliza de los da\u00f1os producidos en los equipos inform\u00e1ticos, documentos y\/o ficheros de los Usuarios o de terceros durante la prestaci\u00f3n del servicio en el Portal.<\/p>\n\n\n\n<h2 class=\"wp-block-heading h3\">Publicidad<\/h2>\n\n\n\n<p>La web: <strong>https:\/\/ideamatic.net<\/strong> podr\u00e1 alojar contenidos publicitarios o patrocinados. Los anunciantes o patrocinadores son los \u00fanicos responsables de asegurarse que el material remitido para su inclusi\u00f3n en la web cumple con las leyes que en cada caso puedan ser de aplicaci\u00f3n.<\/p>\n\n\n\n<p><strong>IDEAMATIC DIGITAL EXPERIENCES SL<\/strong> no ser\u00e1 responsable de cualquier error, inexactitud o irregularidad que puedan contener los contenidos publicitarios o de los patrocinadores.<\/p>\n\n\n\n<h2 class=\"wp-block-heading h3\">Modificaciones<\/h2>\n\n\n\n<p><strong>IDEAMATIC DIGITAL EXPERIENCES SL<\/strong>, se reserva el derecho a realizar las modificaciones que considere oportunas, sin aviso previo, en el contenido de sus sitios web, tanto en cuanto a los contenidos de los sitios web como por sus condiciones de uso o por las condiciones generales de contrataci\u00f3n. Dichas modificaciones podr\u00e1n realizarse, a trav\u00e9s de sus sitios web, de cualquier forma admisible en derecho y ser\u00e1n de obligado cumplimiento durante el tiempo que est\u00e9n publicadas en la web y hasta que no sean modificadas por otras posteriores.<\/p>\n\n\n\n<h2 class=\"wp-block-heading h3\">Reserva de cookies<\/h2>\n\n\n\n<p><strong>IDEAMATIC DIGITAL EXPERIENCES SL<\/strong>, se reserva el derecho de utilizar cookies en la navegaci\u00f3n del usuario por sus sitios web para facilitar la personalizaci\u00f3n y comodidad de la navegaci\u00f3n. Siguiendo la pol\u00edtica de protecci\u00f3n de datos de la empresa, <strong>IDEAMATIC DIGITAL EXPERIENCES SL<\/strong> informa que las cookies se asocian al usuario an\u00f3nimo ya su ordenador y no proporcionan por s\u00ed mismas ni el nombre ni los apellidos del usuario.<\/p>\n\n\n\n<p>En este sentido, de acuerdo con la sentencia de la Gran Sala de Justicia de la Uni\u00f3n Europea, de 1 de octubre de 2019, nuestra \u2018pol\u00edtica de cookies\u2019 informa al usuario del tiempo que estas&nbsp; cookies permanecer\u00e1n activas en el terminal del usuario y de la posibilidad de que terceros tengan acceso a la informaci\u00f3n que \u00e9stas almacenan. Esta sentencia modifica el art\u00edculo 5, apartado 3, de la Directiva 2002\/58 por la Directiva 2009\/136.<\/p>\n\n\n\n<p>A ra\u00edz de esta sentencia el usuario tiene la posibilidad de aceptar o rechazar expl\u00edcitamente el uso de las cookies. Adicionalmente, el Usuario tiene la posibilidad de configurar su navegador de manera que sea informado de la recepci\u00f3n de cookies, con la posibilidad, si as\u00ed lo desea, de impedir que se instalen en su disco duro. En este sentido, para acceder a los sitios web de <strong>IDEAMATIC DIGITAL EXPERIENCES SL<\/strong>, no es preceptiva la instalaci\u00f3n de cookies.<\/p>\n\n\n\n<p>El usuario se compromete a abstenerse de reproducir, copiar, distribuir, poner a disposici\u00f3n o de cualquier otra forma comunicar p\u00fablicamente, transformar o modificar los Contenidos, a menos que se cuente con la autorizaci\u00f3n del titular de los correspondientes derechos o ello resulte legalmente permitido.<\/p>\n\n\n\n<h2 class=\"wp-block-heading h3\">Protecci\u00f3n de datos personal<\/h2>\n\n\n\n<p>Estos datos, ser\u00e1n introducidos en un fichero automatizado bajo la responsabilidad del administrador de la web de, <strong>IDEAMATIC DIGITAL EXPERIENCES SL<\/strong> con la finalidad de poder facilitar, agilizar y cumplir los compromisos establecidos entre ambas partes. Asimismo, <strong>IDEAMATIC DIGITAL EXPERIENCES SL<\/strong> informa de la posibilidad de ejercer los derechos de <strong>acceso<\/strong>, que permite al usuario web, conocer que datos personales tiene el administrador de esta p\u00e1gina y en tal caso contestara en un plazo de 30 d\u00edas, siempre que conserve los datos, <strong>rectificaci\u00f3n<\/strong>, que permite corregir errores, modificar los datos que sean inexactos o incompletos y garantizar la certeza de la informaci\u00f3n, <strong>oposici\u00f3n<\/strong> que podr\u00e1 solicitar y conseguir que no lleve a cabo el tratamiento de datos, <strong>supresi\u00f3n<\/strong> que permite que se supriman los datos inadecuados o excesivos, <strong>limitaci\u00f3n, <\/strong>por el que puede solicitar que se limite el tratamiento de sus datos cuando haya ejercido su derecho a la rectificaci\u00f3n de sus datos personales,&nbsp; y <strong>portabilidad<\/strong>, para que el usuario pueda obtener una copia de los datos personales que haya facilitado en la web a fin de poder transmitirlos a otros servicios, estos derechos se podr\u00e1n ejercer por cualquier medio que deje constancia de su env\u00edo y de su recepci\u00f3n a la direcci\u00f3n:<\/p>\n\n\n\n<p><strong>Av. Rio de Janeiro 106<\/strong>. C\u00f3digo Postal: <strong>08016<\/strong>. Localidad: <strong>BARCELONA<\/strong>. Provincia: <strong>BARCELONA<\/strong>, o al correo electr\u00f3nico &#104;&#x69;&#64;&#105;&#x64;e&#97;&#x6d;a&#116;&#x69;c&#46;&#x6e;&#101;&#x74;, aportando fotocopia del DNI o documentaci\u00f3n alternativa que acredite su identidad.<\/p>\n\n\n\n<p>Mientras no nos comunique lo contrario, entenderemos que sus datos no han sido modificados, que usted se compromete a notificarnos cualquier variaci\u00f3n y que tenemos el consentimiento para utilizarlos a fin de poder fidelizar la relaci\u00f3n entre las partes.<\/p>\n\n\n\n<p>El env\u00edo de sus datos mediante el\/los formularios de nuestra web estar\u00e1 supeditado obligatoriamente a que haya le\u00eddo\/aceptado la Pol\u00edtica de Privacidad, mediante un check box obligatorio al pie del formulario.<\/p>\n\n\n\n<p>De acuerdo con lo establecido en la Ley 34\/2002, de Servicios de la Sociedad de la Informaci\u00f3n y el Comercio Electr\u00f3nico en su art\u00edculo 21, pedimos su consentimiento para poder realizar comunicaciones publicitarias que consideremos puedan ser de su inter\u00e9s, por correo electr\u00f3nico o por cualquier otro medio de comunicaci\u00f3n electr\u00f3nica equivalente, este consentimiento lo aceptar\u00e1 o negar\u00e1 con un check box obligatorio al pie del formulario.<\/p>\n\n\n\n<h2 class=\"wp-block-heading h3\">Propiedad intelectual<\/h2>\n\n\n\n<p>Los derechos de propiedad intelectual e industrial derivados de todos los textos, im\u00e1genes, as\u00ed como de los medios y formas de presentaci\u00f3n y montaje de sus p\u00e1ginas pertenecen, por s\u00ed mismos o como cesionaria, a<strong> IDEAMATIC DIGITAL EXPERIENCES SL. <\/strong>Ser\u00e1n, por tanto, obras protegidas con propiedad intelectual por el ordenamiento jur\u00eddico espa\u00f1ol y se les podr\u00e1 aplicar tanto la normativa espa\u00f1ola y comunitaria en este campo, como los tratados internacionales relativos a la materia y suscritos por Espa\u00f1a, Real Decreto Legislativo 1\/1996.<\/p>\n\n\n\n<p>Todos los derechos reservados. En cumplimiento de la Ley de la Propiedad Intelectual se proh\u00edbe expresamente la reproducci\u00f3n, distribuci\u00f3n, comunicaci\u00f3n p\u00fablica y utilizaci\u00f3n de la totalidad o parte de los contenidos de sus p\u00e1ginas web sin el consentimiento expl\u00edcito de<strong> IDEAMATIC DIGITAL EXPERIENCES SL<\/strong>.<\/p>\n\n\n\n<p>As\u00ed mismo,<strong> IDEAMATIC DIGITAL EXPERIENCES SL<\/strong> se reserva la facultad de presentar las acciones civiles o penales que considere oportunas por la utilizaci\u00f3n indebida de sus p\u00e1ginas web y contenidos o por el incumplimiento de estas condiciones.<\/p>\n\n\n\n<h2 class=\"wp-block-heading h3\">Sellos de confianza<\/h2>\n\n\n\n<p>Los sellos de confianza son distintivos que se proporcionan a las tiendas online para demostrar su calidad y seguridad en la venta online.<\/p>\n\n\n\n<p>Para conseguir el sello, \u00e9stas son auditadas o evaluadas para comprobar que cumplen los criterios de seguridad en la compra y cumplimiento legal en materia de privacidad y protecci\u00f3n de datos de los consumidores.<\/p>\n\n\n\n<p>Las tiendas que disponen de un sello de confianza est\u00e1n adheridas a un c\u00f3digo de conducta y suelen ofrecer a los consumidores procedimientos alternativos de resoluci\u00f3n de conflictos sencillos, r\u00e1pidos y c\u00f3modos.<\/p>\n\n\n\n<h2 class=\"wp-block-heading h3\">Certificados de cumplimiento LSSI-CE y protecci\u00f3n de datos<\/h2>\n\n\n\n<p class=\"p_link_01\"><strong>https:\/\/ideamatic.net<\/strong> cumple con la normativa de Protecci\u00f3n de Datos vigente y con la <strong>LSSI-CE<\/strong>, y ha sido asesorada en estas normativas por GRUPO QUALIA, por lo que se le otorgan sendos certificados en formato de imagen digital para que pueda exponerlos en su sitio web.<\/p>\n\n\n\n<h2 class=\"wp-block-heading h3\">Acciones legal, legislaci\u00f3n aplicable y jurisdicci\u00f3n<\/h2>\n\n\n\n<p>La relaci\u00f3n entre el usuario y<strong> IDEAMATIC DIGITAL EXPERIENCES SL<\/strong> se regir\u00e1 por la normativa espa\u00f1ola vigente y ser\u00e1n competentes para decidir sobre cualquier controversia que pueda surgir entre el usuario y<strong> IDEAMATIC DIGITAL EXPERIENCES SL, <\/strong>los juzgados o tribunales de la localidad de<strong> BARCELONA<\/strong>.<\/p>\n<\/div><\/div>\n\n\n<style>.kadence-column3872_8a7008-1d > .kt-inside-inner-col,.kadence-column3872_8a7008-1d > .kt-inside-inner-col:before{border-top-left-radius:0px;border-top-right-radius:0px;border-bottom-right-radius:0px;border-bottom-left-radius:0px;}.kadence-column3872_8a7008-1d > .kt-inside-inner-col{column-gap:var(--global-kb-gap-sm, 1rem);}.kadence-column3872_8a7008-1d > .kt-inside-inner-col{flex-direction:column;}.kadence-column3872_8a7008-1d > .kt-inside-inner-col > .aligncenter{width:100%;}.kadence-column3872_8a7008-1d > .kt-inside-inner-col:before{opacity:0.3;}.kadence-column3872_8a7008-1d{position:relative;}@media all and (max-width: 1024px){.kadence-column3872_8a7008-1d > .kt-inside-inner-col{flex-direction:column;justify-content:center;}}@media all and (max-width: 767px){.kadence-column3872_8a7008-1d > .kt-inside-inner-col{flex-direction:column;justify-content:center;}}<\/style>\n<div class=\"wp-block-kadence-column kadence-column3872_8a7008-1d\"><div class=\"kt-inside-inner-col\"><\/div><\/div>\n\n<\/div><\/div>","protected":false},"excerpt":{"rendered":"<p>Av\u00edso legal Informaci\u00f3n corporativa En cumplimiento de la Ley 34\/2002, de 11 de julio, de servicios de la sociedad de la informaci\u00f3n y de comercio electr\u00f3nico, IDEAMATIC DIGITAL EXPERIENCES SL, le informa que es titular del sitio web: https:\/\/ideamatic.net. de acuerdo con la exigencia del art\u00edculo 10 de la mencionada Ley, IDEAMATIC DIGITAL EXPERIENCES SL, &hellip;<\/p>\n","protected":false},"author":1,"featured_media":0,"parent":0,"menu_order":0,"comment_status":"closed","ping_status":"closed","template":"templates\/template-builder.php","meta":{"inline_featured_image":false,"_kad_blocks_custom_css":"","_kad_blocks_head_custom_js":"","_kad_blocks_body_custom_js":"","_kad_blocks_footer_custom_js":"","footnotes":""},"class_list":["post-3872","page","type-page","status-publish","hentry","post","without-featured-image"],"taxonomy_info":[],"featured_image_src_large":false,"author_info":{"display_name":"admin","author_link":"https:\/\/ideamatic.net\/es\/author\/ideadmin\/"},"comment_info":0,"_links":{"self":[{"href":"https:\/\/ideamatic.net\/es\/wp-json\/wp\/v2\/pages\/3872","targetHints":{"allow":["GET"]}}],"collection":[{"href":"https:\/\/ideamatic.net\/es\/wp-json\/wp\/v2\/pages"}],"about":[{"href":"https:\/\/ideamatic.net\/es\/wp-json\/wp\/v2\/types\/page"}],"author":[{"embeddable":true,"href":"https:\/\/ideamatic.net\/es\/wp-json\/wp\/v2\/users\/1"}],"replies":[{"embeddable":true,"href":"https:\/\/ideamatic.net\/es\/wp-json\/wp\/v2\/comments?post=3872"}],"version-history":[{"count":4,"href":"https:\/\/ideamatic.net\/es\/wp-json\/wp\/v2\/pages\/3872\/revisions"}],"predecessor-version":[{"id":6880,"href":"https:\/\/ideamatic.net\/es\/wp-json\/wp\/v2\/pages\/3872\/revisions\/6880"}],"wp:attachment":[{"href":"https:\/\/ideamatic.net\/es\/wp-json\/wp\/v2\/media?parent=3872"}],"curies":[{"name":"wp","href":"https:\/\/api.w.org\/{rel}","templated":true}]}}