{"id":3879,"date":"2024-12-30T17:24:49","date_gmt":"2024-12-30T16:24:49","guid":{"rendered":"https:\/\/new.ideamatic.net\/?page_id=3879"},"modified":"2025-12-04T13:11:15","modified_gmt":"2025-12-04T12:11:15","slug":"politica-de-cookies","status":"publish","type":"page","link":"https:\/\/ideamatic.net\/es\/politica-de-cookies\/","title":{"rendered":"Pol\u00edtica de cookies"},"content":{"rendered":"<style>.kb-row-layout-wrap.wp-block-kadence-rowlayout.kb-row-layout-id3879_7c865e-8f{margin-bottom:100px;}.kb-row-layout-id3879_7c865e-8f > .kt-row-column-wrap{align-content:start;}:where(.kb-row-layout-id3879_7c865e-8f > .kt-row-column-wrap) > .wp-block-kadence-column{justify-content:start;}.kb-row-layout-id3879_7c865e-8f > .kt-row-column-wrap{column-gap:var(--global-kb-gap-md, 2rem);row-gap:var(--global-kb-gap-md, 2rem);padding-top:0px;padding-bottom:0px;}.kb-row-layout-id3879_7c865e-8f > .kt-row-column-wrap > div:not(.added-for-specificity){grid-column:initial;}.kb-row-layout-id3879_7c865e-8f > .kt-row-column-wrap{grid-template-columns:minmax(0, 1fr) minmax(0, 3fr) minmax(0, 1fr);}.kb-row-layout-id3879_7c865e-8f > .kt-row-layout-overlay{opacity:0.30;}@media all and (max-width: 1024px){.kb-row-layout-id3879_7c865e-8f > .kt-row-column-wrap > div:not(.added-for-specificity){grid-column:initial;}}@media all and (max-width: 1024px){.kb-row-layout-id3879_7c865e-8f > .kt-row-column-wrap{grid-template-columns:minmax(0, 1fr) minmax(0, 3fr) minmax(0, 1fr);}}@media all and (max-width: 767px){.kb-row-layout-id3879_7c865e-8f > .kt-row-column-wrap > div:not(.added-for-specificity){grid-column:initial;}.kb-row-layout-id3879_7c865e-8f > .kt-row-column-wrap{grid-template-columns:minmax(0, 1fr);}}<\/style><div class=\"kb-row-layout-wrap kb-row-layout-id3879_7c865e-8f alignnone wp-block-kadence-rowlayout\"><div class=\"kt-row-column-wrap kt-has-3-columns kt-row-layout-center-wide kt-tab-layout-inherit kt-mobile-layout-row kt-row-valign-top\">\n<style>.kadence-column3879_d8191a-40 > .kt-inside-inner-col,.kadence-column3879_d8191a-40 > .kt-inside-inner-col:before{border-top-left-radius:0px;border-top-right-radius:0px;border-bottom-right-radius:0px;border-bottom-left-radius:0px;}.kadence-column3879_d8191a-40 > .kt-inside-inner-col{column-gap:var(--global-kb-gap-sm, 1rem);}.kadence-column3879_d8191a-40 > .kt-inside-inner-col{flex-direction:column;}.kadence-column3879_d8191a-40 > .kt-inside-inner-col > .aligncenter{width:100%;}.kadence-column3879_d8191a-40 > .kt-inside-inner-col:before{opacity:0.3;}.kadence-column3879_d8191a-40{position:relative;}@media all and (max-width: 1024px){.kadence-column3879_d8191a-40 > .kt-inside-inner-col{flex-direction:column;justify-content:center;}}@media all and (max-width: 767px){.kadence-column3879_d8191a-40 > .kt-inside-inner-col{flex-direction:column;justify-content:center;}}<\/style>\n<div class=\"wp-block-kadence-column kadence-column3879_d8191a-40\"><div class=\"kt-inside-inner-col\"><\/div><\/div>\n\n\n<style>.kadence-column3879_cf883e-4e > .kt-inside-inner-col,.kadence-column3879_cf883e-4e > .kt-inside-inner-col:before{border-top-left-radius:0px;border-top-right-radius:0px;border-bottom-right-radius:0px;border-bottom-left-radius:0px;}.kadence-column3879_cf883e-4e > .kt-inside-inner-col{column-gap:var(--global-kb-gap-sm, 1rem);}.kadence-column3879_cf883e-4e > .kt-inside-inner-col{flex-direction:column;}.kadence-column3879_cf883e-4e > .kt-inside-inner-col > .aligncenter{width:100%;}.kadence-column3879_cf883e-4e > .kt-inside-inner-col:before{opacity:0.3;}.kadence-column3879_cf883e-4e{position:relative;}@media all and (max-width: 1024px){.kadence-column3879_cf883e-4e > .kt-inside-inner-col{flex-direction:column;justify-content:center;}}@media all and (max-width: 767px){.kadence-column3879_cf883e-4e > .kt-inside-inner-col{flex-direction:column;justify-content:center;}}<\/style>\n<div class=\"wp-block-kadence-column kadence-column3879_cf883e-4e\"><div class=\"kt-inside-inner-col\">\n<h1 class=\"wp-block-heading\">Pol\u00edtica de cookies<\/h1>\n\n\n\n<h2 class=\"h3\">\u00bfQu\u00e9 son las cookies?<\/h2>\n\n<div class=\"cookie-policy-p\"><p>Esta Pol\u00edtica de Cookies explica qu\u00e9 son las cookies y c\u00f3mo las utilizamos, los tipos de cookies que usamos, es decir, la informaci\u00f3n que recopilamos mediante cookies, c\u00f3mo utilizamos dicha informaci\u00f3n y c\u00f3mo gestionar la configuraci\u00f3n de cookies.<\/p> <p>Las cookies son peque\u00f1os archivos de texto que se utilizan para almacenar peque\u00f1as cantidades de informaci\u00f3n. Se almacenan en su dispositivo cuando el sitio web se carga en el navegador. Estas cookies nos ayudan a que el sitio web funcione correctamente, sea m\u00e1s seguro, proporcione una mejor experiencia de usuario y nos permita entender c\u00f3mo funciona el sitio web y analizar qu\u00e9 funciona y d\u00f3nde necesita mejoras.<\/p><\/div>\n\n<h2 class=\"h3\">\u00bfC\u00f3mo utilizamos las cookies?<\/h2>\n\n<div class=\"cookie-policy-p\"><p>Como la mayor\u00eda de servicios online, nuestro sitio web utiliza cookies propias y de terceros para diversos prop\u00f3sitos. Las cookies propias son principalmente necesarias para que el sitio web funcione correctamente y no recopilan ning\u00fan dato personal identificable.<\/p> <p>Las cookies de terceros que utilizamos en nuestro sitio web sirven principalmente para entender c\u00f3mo funciona el sitio web, c\u00f3mo interact\u00faa con \u00e9l, mantener nuestros servicios seguros, ofrecer anuncios relevantes para usted y, en general, proporcionarle una mejor experiencia de usuario y acelerar sus futuras interacciones con el sitio web.<\/p><\/div>\n\n<h2 class=\"h3\">Tipos de cookies que utilizamos<\/h2>\n\n<div class=\"cky-audit-table-element\"><\/div>\n\n<h2 style=\"margin-bottom:20px;\" class=\"h3\">Gestionar preferencias de cookies<\/h2>\n\n<a class=\"cky-banner-element\">Configuraci\u00f3n de cookies<\/a> <br\/>\n\n<div><p>Puede cambiar sus preferencias de cookies en cualquier momento haciendo clic en el bot\u00f3n anterior. Esto le permitir\u00e1 volver a ver el banner de consentimiento de cookies y modificar sus preferencias o retirar su consentimiento de inmediato.<\/p> <p>Adem\u00e1s, los diferentes navegadores ofrecen distintos m\u00e9todos para bloquear y eliminar las cookies utilizadas por los sitios web. Puede cambiar la configuraci\u00f3n de su navegador para bloquear o eliminar las cookies. A continuaci\u00f3n, se muestran los enlaces a los documentos de soporte sobre c\u00f3mo gestionar y eliminar las cookies de los principales navegadores web.<\/p> <p>Chrome: <a target=\"_blank\" href=\"https:\/\/support.google.com\/accounts\/answer\/32050\" rel=\"noopener\">https:\/\/support.google.com\/accounts\/answer\/32050<\/a><\/p><p>Safari: <a target=\"_blank\" href=\"https:\/\/support.apple.com\/en-in\/guide\/safari\/sfri11471\/mac\" rel=\"noopener\">https:\/\/support.apple.com\/en-in\/guide\/safari\/sfri11471\/mac<\/a><\/p><p>Firefox: <a target=\"_blank\" href=\"https:\/\/support.mozilla.org\/en-US\/kb\/clear-cookies-and-site-data-firefox?redirectslug=delete-cookies-remove-info-websites-stored&#038;redirectlocale=en-US\" rel=\"noopener\">https:\/\/support.mozilla.org\/en-US\/kb\/clear-cookies-and-site-data-firefox?redirectslug=delete-cookies-remove-info-websites-stored&#038;redirectlocale=en-US<\/a><\/p><p>Internet Explorer: <a target=\"_blank\" href=\"https:\/\/support.microsoft.com\/en-us\/topic\/how-to-delete-cookie-files-in-internet-explorer-bca9446f-d873-78de-77ba-d42645fa52fc\" rel=\"noopener\">https:\/\/support.microsoft.com\/en-us\/topic\/how-to-delete-cookie-files-in-internet-explorer-bca9446f-d873-78de-77ba-d42645fa52fc<\/a><\/p><p>Si utiliza otro navegador, visite la documentaci\u00f3n oficial de su navegador.<\/p><\/div>\n<\/div><\/div>\n\n\n<style>.kadence-column3879_f85d07-df > .kt-inside-inner-col,.kadence-column3879_f85d07-df > .kt-inside-inner-col:before{border-top-left-radius:0px;border-top-right-radius:0px;border-bottom-right-radius:0px;border-bottom-left-radius:0px;}.kadence-column3879_f85d07-df > .kt-inside-inner-col{column-gap:var(--global-kb-gap-sm, 1rem);}.kadence-column3879_f85d07-df > .kt-inside-inner-col{flex-direction:column;}.kadence-column3879_f85d07-df > .kt-inside-inner-col > .aligncenter{width:100%;}.kadence-column3879_f85d07-df > .kt-inside-inner-col:before{opacity:0.3;}.kadence-column3879_f85d07-df{position:relative;}@media all and (max-width: 1024px){.kadence-column3879_f85d07-df > .kt-inside-inner-col{flex-direction:column;justify-content:center;}}@media all and (max-width: 767px){.kadence-column3879_f85d07-df > .kt-inside-inner-col{flex-direction:column;justify-content:center;}}<\/style>\n<div class=\"wp-block-kadence-column kadence-column3879_f85d07-df\"><div class=\"kt-inside-inner-col\"><\/div><\/div>\n\n<\/div><\/div>","protected":false},"excerpt":{"rendered":"<p>Pol\u00edtica de cookies \u00bfQu\u00e9 son las cookies? Esta Pol\u00edtica de Cookies explica qu\u00e9 son las cookies y c\u00f3mo las utilizamos, los tipos de cookies que usamos, es decir, la informaci\u00f3n que recopilamos mediante cookies, c\u00f3mo utilizamos dicha informaci\u00f3n y c\u00f3mo gestionar la configuraci\u00f3n de cookies. Las cookies son peque\u00f1os archivos de texto que se utilizan &hellip;<\/p>\n","protected":false},"author":1,"featured_media":0,"parent":0,"menu_order":0,"comment_status":"closed","ping_status":"closed","template":"templates\/template-builder.php","meta":{"inline_featured_image":false,"_kad_blocks_custom_css":"","_kad_blocks_head_custom_js":"","_kad_blocks_body_custom_js":"","_kad_blocks_footer_custom_js":"","footnotes":""},"class_list":["post-3879","page","type-page","status-publish","hentry","post","without-featured-image"],"taxonomy_info":[],"featured_image_src_large":false,"author_info":{"display_name":"admin","author_link":"https:\/\/ideamatic.net\/es\/author\/ideadmin\/"},"comment_info":0,"_links":{"self":[{"href":"https:\/\/ideamatic.net\/es\/wp-json\/wp\/v2\/pages\/3879","targetHints":{"allow":["GET"]}}],"collection":[{"href":"https:\/\/ideamatic.net\/es\/wp-json\/wp\/v2\/pages"}],"about":[{"href":"https:\/\/ideamatic.net\/es\/wp-json\/wp\/v2\/types\/page"}],"author":[{"embeddable":true,"href":"https:\/\/ideamatic.net\/es\/wp-json\/wp\/v2\/users\/1"}],"replies":[{"embeddable":true,"href":"https:\/\/ideamatic.net\/es\/wp-json\/wp\/v2\/comments?post=3879"}],"version-history":[{"count":6,"href":"https:\/\/ideamatic.net\/es\/wp-json\/wp\/v2\/pages\/3879\/revisions"}],"predecessor-version":[{"id":6885,"href":"https:\/\/ideamatic.net\/es\/wp-json\/wp\/v2\/pages\/3879\/revisions\/6885"}],"wp:attachment":[{"href":"https:\/\/ideamatic.net\/es\/wp-json\/wp\/v2\/media?parent=3879"}],"curies":[{"name":"wp","href":"https:\/\/api.w.org\/{rel}","templated":true}]}}